{"id":99,"date":"2023-03-20T15:25:40","date_gmt":"2023-03-20T14:25:40","guid":{"rendered":"http:\/\/www.warnow-werkstatt.de\/shop\/?post_type=product&#038;p=99"},"modified":"2023-11-22T14:02:03","modified_gmt":"2023-11-22T13:02:03","slug":"mercury-f35-mh","status":"publish","type":"product","link":"http:\/\/www.warnow-werkstatt.de\/shop\/produkt\/mercury-f35-mh\/","title":{"rendered":"Mercury F3,5 MH"},"content":{"rendered":"<p class=\"normal itemName\">3,5 PS \/ Kurzschaft \/ Drehgaspinne \/ Handstart<\/p>\n<p>&nbsp;<\/p>\n<p class=\"normal\">\n<h1>Mercury Aussenborder F 3,5 MH<\/h1>\n<h1>Mercury Aussenborder FourStroke 3.5: Kleiner Motor, gro\u00dfe Leistung<\/h1>\n<p>Den Spa\u00df immer dabei haben, das geht besonders gut, mit Schlauchbooten oder kleinen Anglerbooten. Mercury hat in seinem Sortiment eine komplette Serie an tragbaren Viertakt-Au\u00dfenbordmotoren, die besonders leicht sind und bei denen aus zahlreichen Modellen gew\u00e4hlt werden kann. Transport und Gebrauch der gesamten Serie sind dank cleverer Funktionen ganz einfach. Saubere, leise, kraftstoffeffiziente Viertakter-Leistung macht diese Motoren zur ersten Wahl.<\/p>\n<p><strong>Kenndaten:<\/strong><\/p>\n<ul>\n<li>Patentierter integrierter einteiliger Zylinderblock f\u00fcr gesteigerte Betriebssicherheit durch Eliminieren von Dichtungen und Verschl\u00fcssen, wodurch der Antriebskopf sehr viel kompakter und leichter wird.<\/li>\n<li>\u00d6lstand pr\u00fcfen, ohne die Verkleidung abnehmen zu m\u00fcssen, dank praktischem sichtbarem Pegelmesser.<\/li>\n<li>Dieser Motor bietet maximale Leistung und den gr\u00f6\u00dften Hubraum in der Klasse der 3,5 PS Motoren.<\/li>\n<li>Ein Gashebel mit Drehgriff und 360-Grad-Steuerung sorgen f\u00fcr Bedienfreundlichkeit.<\/li>\n<\/ul>\n<p>&nbsp;<\/p>\n<table id=\"tablecompair\" border=\"0\" width=\"585\" cellspacing=\"2\" cellpadding=\"0\">\n<tbody>\n<tr>\n<td class=\"redtitle uppercase\" width=\"50%\">SPEZIFIKATIONEN<\/td>\n<td class=\"redtitle uppercase\" width=\"50%\">Mercury F 3.5 MH (3,5 pS)<\/td>\n<\/tr>\n<tr>\n<td align=\"left\" valign=\"top\" width=\"50%\">Leistung<\/td>\n<td width=\"50%\">3,5\u00a0PS (2,57 kw)<\/td>\n<\/tr>\n<tr>\n<td align=\"left\" valign=\"top\" width=\"50%\">Trockengewicht<\/td>\n<td width=\"50%\">17 kg<\/td>\n<\/tr>\n<tr>\n<td align=\"left\" valign=\"top\" width=\"50%\">Volllastdrehzahl<\/td>\n<td width=\"50%\">5000-6000<\/td>\n<\/tr>\n<tr>\n<td align=\"left\" valign=\"top\" width=\"50%\">Hubraum<\/td>\n<td width=\"50%\">85 cc<\/td>\n<\/tr>\n<tr>\n<td align=\"left\" valign=\"top\" width=\"50%\">Anzahl Zylinder<\/td>\n<td width=\"50%\">1<\/td>\n<\/tr>\n<tr>\n<td align=\"left\" valign=\"top\" width=\"50%\">Startsystem<\/td>\n<td width=\"50%\">Handstarter<\/td>\n<\/tr>\n<tr>\n<td align=\"left\" valign=\"top\" width=\"50%\">Motormerkmale<\/td>\n<td width=\"50%\">2-valve pushrod<\/td>\n<\/tr>\n<tr>\n<td align=\"left\" valign=\"top\" width=\"50%\">Getriebeschaltung<\/td>\n<td width=\"50%\">Vorw\u00e4rtsgang (V) &#8211; Leerlauf (L)<\/td>\n<\/tr>\n<tr>\n<td align=\"left\" valign=\"top\" width=\"50%\">Getriebe\u00fcbersetzung<\/td>\n<td width=\"50%\">2.15:1<\/td>\n<\/tr>\n<tr>\n<td align=\"left\" valign=\"top\" width=\"50%\">Lenkung<\/td>\n<td width=\"50%\">Pinne<\/td>\n<\/tr>\n<tr>\n<td align=\"left\" valign=\"top\" width=\"50%\">Empfohlene Spiegelh\u00f6he<\/td>\n<td width=\"50%\">381 mm (S) &#8211; 508 mm (L)<\/td>\n<\/tr>\n<tr>\n<td align=\"left\" valign=\"top\" width=\"50%\">Kraftstofftank-Maximum-Kapazit\u00e4t<\/td>\n<td width=\"50%\">0,95 l<\/td>\n<\/tr>\n<tr>\n<td align=\"left\" valign=\"top\" width=\"50%\">Kraftstofftank-Typ<\/td>\n<td width=\"50%\">Integrierter<\/td>\n<\/tr>\n<tr>\n<td align=\"left\" valign=\"top\" width=\"50%\">Kraftstoffart<\/td>\n<td width=\"50%\">Benzin<\/td>\n<\/tr>\n<tr>\n<td align=\"left\" valign=\"top\" width=\"50%\">Erforderlicher Kraftstoff<\/td>\n<td width=\"50%\">Unleaded 90 RON min.<\/td>\n<\/tr>\n<tr>\n<td align=\"left\" valign=\"top\" width=\"50%\">Motortechnologie<\/td>\n<td width=\"50%\">4-Takt<\/td>\n<\/tr>\n<\/tbody>\n<\/table>\n","protected":false},"excerpt":{"rendered":"<p>3,5 PS \/ Kurzschaft \/ Drehgaspinne \/ Handstart &nbsp; Mercury Aussenborder F 3,5 MH Mercury Aussenborder FourStroke 3.5: Kleiner Motor, gro\u00dfe Leistung Den Spa\u00df immer dabei haben, das geht besonders gut, mit Schlauchbooten oder kleinen Anglerbooten. Mercury hat in seinem Sortiment eine komplette Serie an tragbaren Viertakt-Au\u00dfenbordmotoren, die besonders leicht sind und bei denen aus&hellip;&nbsp;<a href=\"http:\/\/www.warnow-werkstatt.de\/shop\/produkt\/mercury-f35-mh\/\" class=\"\" rel=\"bookmark\">Weiterlesen &raquo;<span class=\"screen-reader-text\">Mercury F3,5 MH<\/span><\/a><\/p>\n","protected":false},"featured_media":100,"template":"","meta":{"neve_meta_sidebar":"","neve_meta_container":"","neve_meta_enable_content_width":"off","neve_meta_content_width":100,"neve_meta_title_alignment":"","neve_meta_author_avatar":"","neve_post_elements_order":"","neve_meta_disable_header":"","neve_meta_disable_footer":"","neve_meta_disable_title":""},"product_brand":[],"product_cat":[34],"product_tag":[],"class_list":{"0":"post-99","1":"product","2":"type-product","3":"status-publish","4":"has-post-thumbnail","6":"product_cat-mercury-motoren","8":"first","9":"instock","10":"sale","11":"taxable","12":"shipping-taxable","13":"purchasable","14":"product-type-simple"},"_links":{"self":[{"href":"http:\/\/www.warnow-werkstatt.de\/shop\/wp-json\/wp\/v2\/product\/99","targetHints":{"allow":["GET"]}}],"collection":[{"href":"http:\/\/www.warnow-werkstatt.de\/shop\/wp-json\/wp\/v2\/product"}],"about":[{"href":"http:\/\/www.warnow-werkstatt.de\/shop\/wp-json\/wp\/v2\/types\/product"}],"wp:featuredmedia":[{"embeddable":true,"href":"http:\/\/www.warnow-werkstatt.de\/shop\/wp-json\/wp\/v2\/media\/100"}],"wp:attachment":[{"href":"http:\/\/www.warnow-werkstatt.de\/shop\/wp-json\/wp\/v2\/media?parent=99"}],"wp:term":[{"taxonomy":"product_brand","embeddable":true,"href":"http:\/\/www.warnow-werkstatt.de\/shop\/wp-json\/wp\/v2\/product_brand?post=99"},{"taxonomy":"product_cat","embeddable":true,"href":"http:\/\/www.warnow-werkstatt.de\/shop\/wp-json\/wp\/v2\/product_cat?post=99"},{"taxonomy":"product_tag","embeddable":true,"href":"http:\/\/www.warnow-werkstatt.de\/shop\/wp-json\/wp\/v2\/product_tag?post=99"}],"curies":[{"name":"wp","href":"https:\/\/api.w.org\/{rel}","templated":true}]}}