{"id":97,"date":"2023-03-20T15:24:17","date_gmt":"2023-03-20T14:24:17","guid":{"rendered":"http:\/\/www.warnow-werkstatt.de\/shop\/?post_type=product&#038;p=97"},"modified":"2023-11-22T14:02:18","modified_gmt":"2023-11-22T13:02:18","slug":"mercury-f25-mh","status":"publish","type":"product","link":"http:\/\/www.warnow-werkstatt.de\/shop\/produkt\/mercury-f25-mh\/","title":{"rendered":"Mercury F2,5 MH"},"content":{"rendered":"<div>\n<ul>\n<li>4-Takt (F)<\/li>\n<li>1,8 kW \/ 2,5 PS<\/li>\n<li>Handstart (M)<\/li>\n<li>Standard-Steuerpinne (H)<\/li>\n<\/ul>\n<p>Saubere, leise, kraftstoffeffiziente Viertakter-Leistung macht diese Motoren zur ersten Wahl. Patentierter integrierter einteiliger Zylinderblock f\u00fcr gesteigerte Betriebssicherheit durch Eliminieren von Dichtungen und Verschl\u00fcssen, wodurch der Antriebskopf sehr viel kompakter und leichter wird. \u00d6lstand pr\u00fcfen, ohne die Verkleidung abnehmen zu m\u00fcssen, dank praktischem sichtbarem Pegelmesser. Dieser Motor bietet maximale Leistung und den gr\u00f6\u00dften Hubraum in der Klasse der 2,5 PS Motoren. Ein Gashebel mit Drehgriff und 360-Grad-Steuerung sorgen f\u00fcr Bedienfreundlichkeit.<\/p><\/div>\n<ul>\n<li>Inklusive: Steuerpinne mit 360\u00b0 Lenkung und integriertem Kraftstofftank 1 Ltr.<\/li>\n<li>Motor mit gro\u00dfem Hubraum: \u00dcberlegenes Fahrverhalten und bessere Kraftstoffeffizienz.<\/li>\n<li>Integrierter Kraftstofftank: Integrierter Kraftstofftank mit Absperrventil f\u00fcr maximalen Platz im Boot.<\/li>\n<li>CDI Z\u00fcndsystem: Wartungsfreies Z\u00fcndsystem sorgt f\u00fcr leichtes Starten.<\/li>\n<li>Optisches Warnsystem: Optisches Warnsystem bei niedrigem \u00d6ldruck f\u00fcr maximale Sicherheit.<\/li>\n<li>4 Trimm Positionen: plus Flachwasserstellung f\u00fcr einfachen Zugang zu abgelegenen und seichten Gew\u00e4ssern.<\/li>\n<li>Propellernaben-Auspuff: F\u00fcr leisen, rauchfreien Betrieb.<\/li>\n<li>5 Jahre Garantie: 5 Jahre volle Werksgarantie bei Einhaltung der Werksvorgaben.<\/li>\n<\/ul>\n<p>Leistung (kW \/ PS): 1,8 \/ 2,5<br \/>\nVollastdrehzahl (min-1): 5000 &#8211; 6000<br \/>\nZylinder: 1<br \/>\nHubraum (cm\u00b3): 85<br \/>\nStartersystem: Handstarter<br \/>\nLenkung: Universalpinne (360\u00b0)<br \/>\nTrimmpositionen: 4<br \/>\nKraftstofftank (l): 0,95 integriert<br \/>\nGewicht (kg): 17<br \/>\nEmpfohlene Spiegelh\u00f6he (mm): 381<br \/>\nSonstiges: Kunststoffpropeller, Sicherheitsstoppschalter, Neutral- und Vorw\u00e4rtsgang, Bodensee Zulassung, f\u00fchrerscheinfrei<\/p>\n","protected":false},"excerpt":{"rendered":"<p>4-Takt (F) 1,8 kW \/ 2,5 PS Handstart (M) Standard-Steuerpinne (H) Saubere, leise, kraftstoffeffiziente Viertakter-Leistung macht diese Motoren zur ersten Wahl. Patentierter integrierter einteiliger Zylinderblock f\u00fcr gesteigerte Betriebssicherheit durch Eliminieren von Dichtungen und Verschl\u00fcssen, wodurch der Antriebskopf sehr viel kompakter und leichter wird. \u00d6lstand pr\u00fcfen, ohne die Verkleidung abnehmen zu m\u00fcssen, dank praktischem sichtbarem Pegelmesser.&hellip;&nbsp;<a href=\"http:\/\/www.warnow-werkstatt.de\/shop\/produkt\/mercury-f25-mh\/\" class=\"\" rel=\"bookmark\">Weiterlesen &raquo;<span class=\"screen-reader-text\">Mercury F2,5 MH<\/span><\/a><\/p>\n","protected":false},"featured_media":98,"template":"","meta":{"neve_meta_sidebar":"","neve_meta_container":"","neve_meta_enable_content_width":"off","neve_meta_content_width":100,"neve_meta_title_alignment":"","neve_meta_author_avatar":"","neve_post_elements_order":"","neve_meta_disable_header":"","neve_meta_disable_footer":"","neve_meta_disable_title":""},"product_brand":[],"product_cat":[34],"product_tag":[],"class_list":{"0":"post-97","1":"product","2":"type-product","3":"status-publish","4":"has-post-thumbnail","6":"product_cat-mercury-motoren","8":"first","9":"instock","10":"sale","11":"taxable","12":"shipping-taxable","13":"purchasable","14":"product-type-simple"},"_links":{"self":[{"href":"http:\/\/www.warnow-werkstatt.de\/shop\/wp-json\/wp\/v2\/product\/97","targetHints":{"allow":["GET"]}}],"collection":[{"href":"http:\/\/www.warnow-werkstatt.de\/shop\/wp-json\/wp\/v2\/product"}],"about":[{"href":"http:\/\/www.warnow-werkstatt.de\/shop\/wp-json\/wp\/v2\/types\/product"}],"wp:featuredmedia":[{"embeddable":true,"href":"http:\/\/www.warnow-werkstatt.de\/shop\/wp-json\/wp\/v2\/media\/98"}],"wp:attachment":[{"href":"http:\/\/www.warnow-werkstatt.de\/shop\/wp-json\/wp\/v2\/media?parent=97"}],"wp:term":[{"taxonomy":"product_brand","embeddable":true,"href":"http:\/\/www.warnow-werkstatt.de\/shop\/wp-json\/wp\/v2\/product_brand?post=97"},{"taxonomy":"product_cat","embeddable":true,"href":"http:\/\/www.warnow-werkstatt.de\/shop\/wp-json\/wp\/v2\/product_cat?post=97"},{"taxonomy":"product_tag","embeddable":true,"href":"http:\/\/www.warnow-werkstatt.de\/shop\/wp-json\/wp\/v2\/product_tag?post=97"}],"curies":[{"name":"wp","href":"https:\/\/api.w.org\/{rel}","templated":true}]}}