{"id":89,"date":"2023-03-20T15:17:07","date_gmt":"2023-03-20T14:17:07","guid":{"rendered":"http:\/\/www.warnow-werkstatt.de\/shop\/?post_type=product&#038;p=89"},"modified":"2023-03-22T15:01:49","modified_gmt":"2023-03-22T14:01:49","slug":"yamaha-f70aetl","status":"publish","type":"product","link":"http:\/\/www.warnow-werkstatt.de\/shop\/produkt\/yamaha-f70aetl\/","title":{"rendered":"Yamaha F70AETL"},"content":{"rendered":"<h2>Yamaha F 70 AETL \/ 70hp EFI Aussenbordmotor<\/h2>\n<p>70 PS (51,5 kW), 4 Zylinder, wassergek\u00fchlt, 996 qcm Hubraum,<br \/>\n<strong>Langschaft, E-Starter, Powertilt, Powertrimm,<\/strong><br \/>\nEmpfohlene Spiegelh\u00f6he: 534 mm<br \/>\nGewicht 119 kg<\/p>\n<p>Der unschlagbar vielseitige und leichte F70AETL kann ein breites Spektrum an Bootstypen antreiben, sodass dieser Motor gleicherma\u00dfen gut bei der Arbeit wie bei Freizeitunternehmungen an der frischen Luft oder beim Wassersport einsetzbar ist. Der F70 \/ 70hp ist der leichteste und leistungsst\u00e4rkste Viertaktmotor seiner Klasse.<\/p>\n<h3>Ob Arbeit oder Freizeitvergn\u00fcgen: Sie sollten immer einen starken Partner zur Seite haben.<\/h3>\n<p>Mit EFI (elektronischer Kraftstoffeinspritzung) und dem einzigartigen Yamaha PrimeStart\u2122-System garantiert der leistungsstarke SOHC-Motor mit 16 Ventilen saubere Leistung, h\u00f6chste Kraftstoffeffizienz und m\u00fcheloses Starten. Der Motor ist mit den DNG-Digitalinstrumenten von Yamaha kompatibel, mit denen sich eine au\u00dferordentlich pr\u00e4zise Steuerung erreichen l\u00e4sst.<\/p>\n<h3>Ob auf dem Wasser oder zu Lande \u2013 Ihr F70A zieht mit seinem schnittigen und eleganten Design stets bewundernde Blicke auf sich.<\/h3>\n<p><strong>Auf einen Blick<\/strong><\/p>\n<ul>\n<li>SOHC-Motor mit 16 Ventilen und elektronischer Kraftstoffeinspritzung (EFI)<\/li>\n<li>Kompatibel mit den DNG-Digitalinstrumenten von Yamaha<\/li>\n<li>PrimeStart\u2122-System f\u00fcr einfaches Anlassen<\/li>\n<li>Schalter f\u00fcr variable Trolling-Drehzahl<\/li>\n<li>Trimm- und Kippanlage mit weitem Stellbereich<\/li>\n<li>Kompakte Form, robuste Haube aus einem St\u00fcck<\/li>\n<li>Optionale elektronische Diebstahlsicherung (Y-COP) von Yamaha<\/li>\n<li>Optionaler Kippwinkelbegrenzer<\/li>\n<li>Lenkwiderstandseinstellung mit einem einzigen Hebel (Ruderpinnenmodelle, optional)<\/li>\n<li>Leistungsstarke Lichtmaschine<\/li>\n<li>Flachwasser-Fahrstellung f\u00fcr ufernahe Fahrten<\/li>\n<li>Antiklopf-Regelungssystem<\/li>\n<\/ul>\n<p>&nbsp;<\/p>\n<h3>Mehr Effizienz und weniger Verbrauch \u2013 EFI sei Dank<\/h3>\n<p>Mit der elektronischen Kraftstoffeinspritzung (EFI) wird stets genau die richtige Menge Kraftstoff zugef\u00fchrt, die f\u00fcr optimale Leistungs- und Verbrauchswerte erforderlich ist. Die gem\u00e4\u00df den Motorsensordaten vom Motorsteuerger\u00e4t gesteuerten Einspritzd\u00fcsen sind genau \u00fcber den Einlassventilen montiert. So kann der Kraftstoff besonders fein zerst\u00e4ubt werden, was eine h\u00f6here Verbrennungseffzienz erm\u00f6glicht.<\/p>\n<h3>ECM (Motorsteuerger\u00e4t) mit Mikrocomputer<\/h3>\n<p>Dieser Mikrocomputer bildet das Herzst\u00fcck Ihres Motors. Der Mikrocomputer \u00fcberwacht permanent die Daten und Einstellungen und sorgt so f\u00fcr einen reibungslosen Lauf und den optimalen Z\u00fcndzeitpunkt. Au\u00dferdem aktiviert er bei Bedarf automatisch die Alarm- und Sicherheitsvorrichtungen. Im Fall einer St\u00f6rung erm\u00f6glicht ein gut zug\u00e4nglicher Computer-Anschluss dem autorisierten Yamaha-H\u00e4ndler die z\u00fcgige Diagnose.<\/p>\n<h3>Kompakte Form und robuste<\/h3>\n<p>Haube aus einem St\u00fcck Mit dem fortschrittlichen Design und den moderaten Gesamtabmessungen dieses 4-Zylinder-Motors ist es unseren Ingenieuren gelungen, eine bemerkenswert kompakte 996cc Kraftmaschine zu entwickeln, die gerade mal soviel wie ein konventioneller 3-Zylinder-Motor wiegt. Durch das g\u00fcnstige Verh\u00e4ltnis zwischen Kraft und Gewicht ist der F70 die ideale Wahl f\u00fcr die verschiedensten Bootstypen.<\/p>\n<h3>Variable Trolling-Drehzahl<\/h3>\n<p>Auf Knopfdruck am optionalen DNGDrehzahlmesser \u2013 oder \u00fcber den Schalter f\u00fcr die variable \u201eTrolling\u201c-Drehzahl an der<br \/>\noptional erh\u00e4ltlichen Ruderpinne \u2013 kann der Fahrer die Drehzahl zum Man\u00f6vrieren in Schritten von 50\/min zwischen 620 und<br \/>\n900\/min einstellen.<\/p>\n<h3>16 Ventile, 4-Zylinder-Reihenmotor, SOHC, EFI<\/h3>\n<p>Mit einer obenliegenden Nockenwelle (SOHC) und vier Ventilen pro Zylinder sorgt der leichte Hightech-Antrieb namens F70A f\u00fcr Leistung und E zienz der Extraklasse. Ein gro\u00dfz\u00fcgig dimensionierter Einlassventilbereich mit leichtgewichtigen Kolben und Ventilen garantiert eine \u00fcberragende PS-Ausbeute pro Liter Kraftstoff, die in dieser Klasse ihresgleichen sucht.<\/p>\n<p><u>Standardlieferumfang:<\/u><\/p>\n<ul>\n<li>24 l &#8211; Kunststofftank mit Anschl\u00fcssen<\/li>\n<li>Aluminiumpropeller (es stehen verschiedene zur Auswahl)<\/li>\n<li>Motor\u00f6l (Marine\u00f6l)<\/li>\n<li>Betriebhandbuch in Deutsch<\/li>\n<li>Garantieunterlagen<\/li>\n<li>CE-Konformi\u00e4tserkl\u00e4rung<\/li>\n<\/ul>\n","protected":false},"excerpt":{"rendered":"<p>Yamaha F 70 AETL \/ 70hp EFI Aussenbordmotor 70 PS (51,5 kW), 4 Zylinder, wassergek\u00fchlt, 996 qcm Hubraum, Langschaft, E-Starter, Powertilt, Powertrimm, Empfohlene Spiegelh\u00f6he: 534 mm Gewicht 119 kg Der unschlagbar vielseitige und leichte F70AETL kann ein breites Spektrum an Bootstypen antreiben, sodass dieser Motor gleicherma\u00dfen gut bei der Arbeit wie bei Freizeitunternehmungen an der&hellip;&nbsp;<a href=\"http:\/\/www.warnow-werkstatt.de\/shop\/produkt\/yamaha-f70aetl\/\" class=\"\" rel=\"bookmark\">Weiterlesen &raquo;<span class=\"screen-reader-text\">Yamaha F70AETL<\/span><\/a><\/p>\n","protected":false},"featured_media":90,"template":"","meta":{"neve_meta_sidebar":"","neve_meta_container":"","neve_meta_enable_content_width":"off","neve_meta_content_width":100,"neve_meta_title_alignment":"","neve_meta_author_avatar":"","neve_post_elements_order":"","neve_meta_disable_header":"","neve_meta_disable_footer":"","neve_meta_disable_title":""},"product_brand":[],"product_cat":[33],"product_tag":[],"class_list":{"0":"post-89","1":"product","2":"type-product","3":"status-publish","4":"has-post-thumbnail","6":"product_cat-yamaha-motoren","8":"first","9":"instock","10":"sale","11":"taxable","12":"shipping-taxable","13":"purchasable","14":"product-type-simple"},"_links":{"self":[{"href":"http:\/\/www.warnow-werkstatt.de\/shop\/wp-json\/wp\/v2\/product\/89","targetHints":{"allow":["GET"]}}],"collection":[{"href":"http:\/\/www.warnow-werkstatt.de\/shop\/wp-json\/wp\/v2\/product"}],"about":[{"href":"http:\/\/www.warnow-werkstatt.de\/shop\/wp-json\/wp\/v2\/types\/product"}],"wp:featuredmedia":[{"embeddable":true,"href":"http:\/\/www.warnow-werkstatt.de\/shop\/wp-json\/wp\/v2\/media\/90"}],"wp:attachment":[{"href":"http:\/\/www.warnow-werkstatt.de\/shop\/wp-json\/wp\/v2\/media?parent=89"}],"wp:term":[{"taxonomy":"product_brand","embeddable":true,"href":"http:\/\/www.warnow-werkstatt.de\/shop\/wp-json\/wp\/v2\/product_brand?post=89"},{"taxonomy":"product_cat","embeddable":true,"href":"http:\/\/www.warnow-werkstatt.de\/shop\/wp-json\/wp\/v2\/product_cat?post=89"},{"taxonomy":"product_tag","embeddable":true,"href":"http:\/\/www.warnow-werkstatt.de\/shop\/wp-json\/wp\/v2\/product_tag?post=89"}],"curies":[{"name":"wp","href":"https:\/\/api.w.org\/{rel}","templated":true}]}}