{"id":85,"date":"2023-03-20T15:14:48","date_gmt":"2023-03-20T14:14:48","guid":{"rendered":"http:\/\/www.warnow-werkstatt.de\/shop\/?post_type=product&#038;p=85"},"modified":"2023-03-22T15:02:04","modified_gmt":"2023-03-22T14:02:04","slug":"yamaha-f50hetl","status":"publish","type":"product","link":"http:\/\/www.warnow-werkstatt.de\/shop\/produkt\/yamaha-f50hetl\/","title":{"rendered":"Yamaha F50HETL"},"content":{"rendered":"<h2>Yamaha F 50 HETL \/ 50hp EFI Aussenbordmotor<\/h2>\n<p>50 PS (36,8 kW), 4 Zylinder, wassergek\u00fchlt, 996 qcm Hubraum,<br \/>\n<strong>Langschaft, E-Starter, Powertilt, Powertrimm, <\/strong><br \/>\nEmpfohlene Spiegelh\u00f6he: 527 mm<br \/>\nGewicht 113 kg<\/p>\n<div>Als kraftvolle Zugmaschine f\u00fcr Wasserski und Wakeboards bietet der kompakte F50HETL \/ 50hp Spa\u00df auf dem Wasser ohne schlechtes Gewissen &#8211; warum? Er ist der sauberste und sparsamste Motor seiner Klasse.<\/div>\n<h3>Maximaler Fahrspa\u00df Minimale Emissionen.<\/h3>\n<div>Die elektronische Kraftstoffeinspritzung von Yamaha (EFI) sorgt f\u00fcr eine saubere Verbrennung und einen niedrigen Kraftstoffverbrauch \u2013 und f\u00fcr einen Motor, der im mittleren und im hohen Drehzahlbereich durch beeindruckende Leistung, enorme Schnelligkeit und wuchtige Drehmomente \u00fcberzeugt.<br \/>\nZudem besticht der F50 mit ausgekl\u00fcgelten Yamaha-Funktionen, die jede Fahrt komfortabel und zu einem ausgesprochenen Vergn\u00fcgen machen. Hierzu geh\u00f6ren auch die Trimm- und Kippanlage mit weitem Stellbereich, damit Sie immer alles locker im Griff haben, sowie das PrimeStart\u2122-System, das das Starten so m\u00fchelos wie bei einem Auto macht.<\/p>\n<p><strong>Auf einen Blick<\/strong><\/div>\n<ul>\n<li>Noch effizienter, noch umweltfreundlicher \u2013 dank EFI<\/li>\n<li>Schlanke kompakte Form und robuste Haube aus einem St\u00fcck<\/li>\n<li>Optionale elektronische Diebstahlsicherung (Y-COP) von Yamaha<\/li>\n<li>Kippwinkelbegrenzer (Option)<\/li>\n<li>Lenkwiderstandseinstellung mit einem einzigen Hebel (Ruderpinnenmodelle)<\/li>\n<li>Leistungsstarke Lichtmaschine<\/li>\n<li>Flachwasser-Fahrstellung f\u00fcr ufernahe Fahrten<\/li>\n<li>Frischwasser-Sp\u00fclsystem<\/li>\n<li>Kompatibel mit den DNG-Digitalinstrumenten von Yamaha<\/li>\n<li>PrimeStart\u2122-System f\u00fcr einfaches Anlassen<\/li>\n<li>Variable Trolling-Drehzahl<\/li>\n<li>Trimm- und Kippanlage mit weitem Stellbereich<\/li>\n<\/ul>\n<div><\/div>\n<h3>Ultra-sanfte 4-Zylinder-Feinabstimmung \u2013 mit EFI<\/h3>\n<div>Yamaha holt stets die volle Kraft aus allen vier Zylindern. So hat der weltweite Pionier der Viertakt-Technologie die 4-Zylinder-Kon guration mit dem starken und langen Hub des EFI-ausger\u00fcsteten F50H noch weiter verfeinert und ultrasanfte nutzbare Kraft bei geringer Entwicklung von Ger\u00e4uschen und Vibration erzielt.<\/div>\n<h3>DNG-Digitalinstrumente von Yamaha<\/h3>\n<div>Der F50 ist mit den DNG Digitalinstrumenten von Yamaha kompatibel, die durch die Anzeige verschiedener Daten maximale Leistung und Effzienz erm\u00f6glichen: ein multifunktionaler Drehzahlmesser f\u00fcr die Anzeige von Drehzahl, Betriebsstunden, Kippwinkel, \u00d6ldruck, Warnleuchten und Einstellung der variablen Drehzahl sowie eine Anzeige f\u00fcr Geschwindigkeit und Kraftstofferwaltung mit<br \/>\nGeschwindigkeit, Tankinhalt und Kraftstoffverbrauch.<\/div>\n<h3>Variable Trolling-Drehzahl<\/h3>\n<div>Auf Knopfdruck am DNG-Drehzahlmesser \u2013 oder \u00fcber den Schalter f\u00fcr die variable \u201eTrolling\u201c-Drehzahl an der optional erh\u00e4ltlichen Ruderpinne \u2013 kann der Fahrer die Drehzahl zum Man\u00f6vrieren in Schritten von 50\/min zwischen 620 und 900\/min einstellen.<\/div>\n<h3>Trimm- und Kippanlage mit weitem Stellbereich<\/h3>\n<div>Entdecken auch Sie die Vielseitigkeit und St\u00e4rke eines Yamaha-Motors. Das schnelle Ansprechverhalten mit Tastensteuerung erm\u00f6glicht ein schnelles, sanftes und einfaches Trimmen und Ankippen \u00fcber einen breiten Trimmbereich. Die negativen Trimmeinstellungen sind besonders n\u00fctzlich, um die Beschleunigung zu verbessern und das Boot schnell ins Gleiten zu bringen.<\/div>\n<h3>Kompakte Form und robuste Haube aus einem St\u00fcck<\/h3>\n<div>Dank fortschrittlichen Designs und den moderaten Gesamtabmessungen dieses 4-Zylinder-Motors ist es unseren Ingenieuren gelungen, eine bemerkenswert kompakte 996 cm\u00b3- Kraftmaschine zu entwickeln, die gerade mal soviel wie ein konventioneller 3-<br \/>\nZylinder-Motor wiegt. Durch das g\u00fcnstige Verh\u00e4ltnis zwischen Kraft und Gewicht ist der 50hp die ideale Wahl f\u00fcr die verschiedensten Bootstypen.<br \/>\n<u>Standardlieferumfang:<\/u><\/p>\n<ul>\n<li>24 l &#8211; Kunststofftank mit Anschl\u00fcssen<\/li>\n<li>Aluminiumpropeller (es stehen verschiedene zur Auswahl)<\/li>\n<li>Motor\u00f6l (Marine\u00f6l)<\/li>\n<li>Betriebhandbuch in Deutsch<\/li>\n<li>Garantieunterlagen<\/li>\n<li>CE-Konformi\u00e4tserkl\u00e4rung<\/li>\n<\/ul>\n<\/div>\n","protected":false},"excerpt":{"rendered":"<p>Yamaha F 50 HETL \/ 50hp EFI Aussenbordmotor 50 PS (36,8 kW), 4 Zylinder, wassergek\u00fchlt, 996 qcm Hubraum, Langschaft, E-Starter, Powertilt, Powertrimm, Empfohlene Spiegelh\u00f6he: 527 mm Gewicht 113 kg Als kraftvolle Zugmaschine f\u00fcr Wasserski und Wakeboards bietet der kompakte F50HETL \/ 50hp Spa\u00df auf dem Wasser ohne schlechtes Gewissen &#8211; warum? Er ist der sauberste&hellip;&nbsp;<a href=\"http:\/\/www.warnow-werkstatt.de\/shop\/produkt\/yamaha-f50hetl\/\" class=\"\" rel=\"bookmark\">Weiterlesen &raquo;<span class=\"screen-reader-text\">Yamaha F50HETL<\/span><\/a><\/p>\n","protected":false},"featured_media":86,"template":"","meta":{"neve_meta_sidebar":"","neve_meta_container":"","neve_meta_enable_content_width":"off","neve_meta_content_width":100,"neve_meta_title_alignment":"","neve_meta_author_avatar":"","neve_post_elements_order":"","neve_meta_disable_header":"","neve_meta_disable_footer":"","neve_meta_disable_title":""},"product_brand":[],"product_cat":[33],"product_tag":[],"class_list":{"0":"post-85","1":"product","2":"type-product","3":"status-publish","4":"has-post-thumbnail","6":"product_cat-yamaha-motoren","8":"first","9":"instock","10":"sale","11":"taxable","12":"shipping-taxable","13":"purchasable","14":"product-type-simple"},"_links":{"self":[{"href":"http:\/\/www.warnow-werkstatt.de\/shop\/wp-json\/wp\/v2\/product\/85","targetHints":{"allow":["GET"]}}],"collection":[{"href":"http:\/\/www.warnow-werkstatt.de\/shop\/wp-json\/wp\/v2\/product"}],"about":[{"href":"http:\/\/www.warnow-werkstatt.de\/shop\/wp-json\/wp\/v2\/types\/product"}],"wp:featuredmedia":[{"embeddable":true,"href":"http:\/\/www.warnow-werkstatt.de\/shop\/wp-json\/wp\/v2\/media\/86"}],"wp:attachment":[{"href":"http:\/\/www.warnow-werkstatt.de\/shop\/wp-json\/wp\/v2\/media?parent=85"}],"wp:term":[{"taxonomy":"product_brand","embeddable":true,"href":"http:\/\/www.warnow-werkstatt.de\/shop\/wp-json\/wp\/v2\/product_brand?post=85"},{"taxonomy":"product_cat","embeddable":true,"href":"http:\/\/www.warnow-werkstatt.de\/shop\/wp-json\/wp\/v2\/product_cat?post=85"},{"taxonomy":"product_tag","embeddable":true,"href":"http:\/\/www.warnow-werkstatt.de\/shop\/wp-json\/wp\/v2\/product_tag?post=85"}],"curies":[{"name":"wp","href":"https:\/\/api.w.org\/{rel}","templated":true}]}}