{"id":76,"date":"2023-03-20T14:27:12","date_gmt":"2023-03-20T13:27:12","guid":{"rendered":"http:\/\/www.warnow-werkstatt.de\/shop\/?post_type=product&#038;p=76"},"modified":"2023-03-22T15:02:36","modified_gmt":"2023-03-22T14:02:36","slug":"yamaha-ft99lmhl","status":"publish","type":"product","link":"http:\/\/www.warnow-werkstatt.de\/shop\/produkt\/yamaha-ft99lmhl\/","title":{"rendered":"Yamaha FT9,9LMHL"},"content":{"rendered":"<div class=\"tab-content\">\n<div class=\"tab-pane active\">\n<div class=\"tab-body active\">\n<h2><strong>Yamaha FT9.9 LMHL \/ T 9.9hp Schubmotor <\/strong>Au\u00dfenborder<\/h2>\n<div>9,9 PS (7,3 kW), 2 Zylinder, wassergek\u00fchlt, 212 qcm Hubraum,<\/div>\n<div><strong>Langschaft, Drehgaspinne, Handstarter, Bodenseezulassung, Schubmotor \/ High Thrust <\/strong><br \/>\nEmpfohlene Spiegelh\u00f6he: 552 mm<br \/>\nGewicht 44,3 kg.<\/div>\n<h3><u>Standardlieferumfang Yamaha FT9.9 LMHL:<\/u><\/h3>\n<ul>\n<li>Aluminiumpropeller<\/li>\n<li>12 Liter Kunststofftank<\/li>\n<li>Tankleitung mit Pumpball<\/li>\n<li>Motor\u00f6l (Marine\u00f6l)<\/li>\n<li>Getriebe\u00f6l ist bereits eingef\u00fcllt<\/li>\n<li>Betriebshandbuch in Deutsch<\/li>\n<li>Garantieunterlagen<\/li>\n<li>CE-Konformit\u00e4tserkl\u00e4rung<\/li>\n<li>\u00dcbergabeinspektion wurde von uns durchgef\u00fchrt<\/li>\n<\/ul>\n<hr \/>\n<p>Sie legen Wert auf maximale Leistung und beste Man\u00f6vrierbarkeit? Dann ist ein Motor unserer Yamaha Modellreihe FT und der Yamaha FT9.9 LMHL das Richtige f\u00fcr Sie. Mit ihrem besonders leisen, vibrationsarmen und sparsamen Betrieb setzen diese leistungsstarken Schubmotoren, die zudem ein besonders gro\u00dfes Drehmoment liefern, hohe Ma\u00dfst\u00e4be in Sachen Performance und optimaler Kraftstoffeffizienz. Der Yamaha FT9.9LMHL ist der ideale Antrieb f\u00fcr Segel-, Fischerei- und Arbeitsboote, die einen Langschaftmotor ben\u00f6tigen und mit der Pinne gesteuert werden.<\/p>\n<h3>Der FT9.9L \u2013 ein Arbeitstier unter unseren Schubmotoren<\/h3>\n<p>Die Yamaha Motoren der Modellreihe FT profitieren von den patentierten Doppelschub-Propellern von Yamaha, die vorw\u00e4rts und r\u00fcckw\u00e4rts vollen Schub liefern und das Man\u00f6vrieren von schweren Booten zum Kinderspiel machen. Der leichte Yamaha T 9.9hp \/ FT9.9 l\u00e4sst sich dank des integrierten Tragegriffs sehr gut transportieren und ist \u00e4u\u00dferst bedienerfreundlich.<\/p>\n<p>Diese FT-Version bietet dieselben technischen Funktionen und Vorteile wie der weltweit bekannte und bew\u00e4hrte Yamaha F9.9. Dieses leistungsstarke Arbeitstier l\u00e4sst Sie niemals im Stich.<\/p>\n<h3><u>Yamaha FT9.9 LMHL auf einen Blick:<\/u><\/h3>\n<ul>\n<li>\u00a0\u00a0\u00a0 Spezielle Getriebeuntersetzungen f\u00fcr mehr Schub<\/li>\n<li>\u00a0\u00a0\u00a0 Doppelschub-Propeller \u2013 f\u00fcr vollen Schub bei Vorw\u00e4rts- und R\u00fcckw\u00e4rtsfahrt<\/li>\n<li>\u00a0\u00a0\u00a0 Ergonomische Gestaltung des Schalthebels auf der Ruderpinne<\/li>\n<li>\u00a0\u00a0\u00a0 Leicht klappbare Ruderpinne f\u00fcr einfache Lagerung und Tragbarkeit<\/li>\n<li>\u00a0\u00a0\u00a0 Zus\u00e4tzliche Auflage f\u00fcr bequeme vertikale Lagerung<\/li>\n<li>\u00a0\u00a0\u00a0 Kompaktes und effizientes Design<\/li>\n<li>\u00a0\u00a0\u00a0 Erstaunliche Leistung und sattes Drehmoment<\/li>\n<li>\u00a0\u00a0\u00a0 CDI-Z\u00fcndung<\/li>\n<li>\u00a0\u00a0\u00a0 Leistungsstarke Lichtmaschine<\/li>\n<li>\u00a0\u00a0\u00a0 Flachwasser-Fahrstellung f\u00fcr ufernahe Fahrten<\/li>\n<li>\u00a0\u00a0\u00a0 Frischwasser-Sp\u00fclsystem<\/li>\n<\/ul>\n<h3>Spezielle Getriebeuntersetzungen f\u00fcr mehr Schub<\/h3>\n<p>Die Yamaha FT-Motoren sind zweckorientiert konstruiert, um gr\u00f6\u00dferen Schub und h\u00f6heres Drehmoment als herk\u00f6mmliche Motoren zu bieten. Ihre spezielle Gangabstufung verhindert Kavitation und Propellerschlupf. Sie arbeiten in Kombination mit anderen einzigartigen Funktionen, um die ideale Kraftquelle f\u00fcr Boote zu bieten, bei denen Lastzugeigenschaften wichtiger sind als die H\u00f6chstgeschwindigkeit.<\/p>\n<h3>Doppelschub-Propeller f\u00fcr maximale Leistung im Vor- und R\u00fcckw\u00e4rtsgang<\/h3>\n<p>Die in den FT-Modellen eingebauten Spezialpropeller haben nicht nur einen gr\u00f6\u00dferen Durchmesser, sondern auch eine niedrige Blattsteigung zur Maximierung des Schubs im Vorw\u00e4rts- und \u2013 durch die Umlenkung der Abgasstr\u00f6mung \u2013 auch im R\u00fcckw\u00e4rtsgang. Dies bietet bessere Man\u00f6vrierbarkeit, die besonders bei der Steuerung schwererer Boote hilfreich ist.<\/p>\n<h3>Verbesserte Gestaltung der Ruderpinne und der Bedienelemente<\/h3>\n<p>Beim Yamaha F9.9 und FT9.9 wurden die Ruderpinne und die Bedienelemente ergonomisch gestaltet. Die Ruderpinne hat eine \u00e4u\u00dferst g\u00fcnstige L\u00e4nge, und der Schalthebel ist jetzt zur besseren und entspannteren Erreichbarkeit direkt an der Ruderpinne selbst positioniert. Die hochklappbare Ruderpinne gestaltet das Tragen und Lagern sehr bequem.<\/p>\n<\/div>\n<\/div>\n<\/div>\n","protected":false},"excerpt":{"rendered":"<p>Yamaha FT9.9 LMHL \/ T 9.9hp Schubmotor Au\u00dfenborder 9,9 PS (7,3 kW), 2 Zylinder, wassergek\u00fchlt, 212 qcm Hubraum, Langschaft, Drehgaspinne, Handstarter, Bodenseezulassung, Schubmotor \/ High Thrust Empfohlene Spiegelh\u00f6he: 552 mm Gewicht 44,3 kg. Standardlieferumfang Yamaha FT9.9 LMHL: Aluminiumpropeller 12 Liter Kunststofftank Tankleitung mit Pumpball Motor\u00f6l (Marine\u00f6l) Getriebe\u00f6l ist bereits eingef\u00fcllt Betriebshandbuch in Deutsch Garantieunterlagen CE-Konformit\u00e4tserkl\u00e4rung&hellip;&nbsp;<a href=\"http:\/\/www.warnow-werkstatt.de\/shop\/produkt\/yamaha-ft99lmhl\/\" class=\"\" rel=\"bookmark\">Weiterlesen &raquo;<span class=\"screen-reader-text\">Yamaha FT9,9LMHL<\/span><\/a><\/p>\n","protected":false},"featured_media":77,"template":"","meta":{"neve_meta_sidebar":"","neve_meta_container":"","neve_meta_enable_content_width":"off","neve_meta_content_width":100,"neve_meta_title_alignment":"","neve_meta_author_avatar":"","neve_post_elements_order":"","neve_meta_disable_header":"","neve_meta_disable_footer":"","neve_meta_disable_title":""},"product_brand":[],"product_cat":[33],"product_tag":[],"class_list":{"0":"post-76","1":"product","2":"type-product","3":"status-publish","4":"has-post-thumbnail","6":"product_cat-yamaha-motoren","8":"first","9":"instock","10":"sale","11":"taxable","12":"shipping-taxable","13":"purchasable","14":"product-type-simple"},"_links":{"self":[{"href":"http:\/\/www.warnow-werkstatt.de\/shop\/wp-json\/wp\/v2\/product\/76","targetHints":{"allow":["GET"]}}],"collection":[{"href":"http:\/\/www.warnow-werkstatt.de\/shop\/wp-json\/wp\/v2\/product"}],"about":[{"href":"http:\/\/www.warnow-werkstatt.de\/shop\/wp-json\/wp\/v2\/types\/product"}],"wp:featuredmedia":[{"embeddable":true,"href":"http:\/\/www.warnow-werkstatt.de\/shop\/wp-json\/wp\/v2\/media\/77"}],"wp:attachment":[{"href":"http:\/\/www.warnow-werkstatt.de\/shop\/wp-json\/wp\/v2\/media?parent=76"}],"wp:term":[{"taxonomy":"product_brand","embeddable":true,"href":"http:\/\/www.warnow-werkstatt.de\/shop\/wp-json\/wp\/v2\/product_brand?post=76"},{"taxonomy":"product_cat","embeddable":true,"href":"http:\/\/www.warnow-werkstatt.de\/shop\/wp-json\/wp\/v2\/product_cat?post=76"},{"taxonomy":"product_tag","embeddable":true,"href":"http:\/\/www.warnow-werkstatt.de\/shop\/wp-json\/wp\/v2\/product_tag?post=76"}],"curies":[{"name":"wp","href":"https:\/\/api.w.org\/{rel}","templated":true}]}}