{"id":74,"date":"2023-03-20T14:25:56","date_gmt":"2023-03-20T13:25:56","guid":{"rendered":"http:\/\/www.warnow-werkstatt.de\/shop\/?post_type=product&#038;p=74"},"modified":"2023-03-22T15:02:44","modified_gmt":"2023-03-22T14:02:44","slug":"yamaha-f99jmhs-l","status":"publish","type":"product","link":"http:\/\/www.warnow-werkstatt.de\/shop\/produkt\/yamaha-f99jmhs-l\/","title":{"rendered":"Yamaha F9,9JMHS\/L"},"content":{"rendered":"<h2><strong>Yamaha F9.9 JMHS \/ 9.9hp Au\u00dfenborder<\/strong><\/h2>\n<p>9,9 PS (7,3 kW), 2 Zylinder, wassergek\u00fchlt, 212 qcm Hubraum,<br \/>\n<strong>Kurzschaft, Drehgaspinne, Handstarter<\/strong><br \/>\nEmpfohlene Spiegelh\u00f6he: 431 mm<br \/>\nBodenseezulassung, Gewicht 39,9 kg.<\/p>\n<div><strong><u>Neu bei der F9.9 Modellreihe:<\/u><\/strong><\/div>\n<ul>\n<li>Schalthebel an der Steuerpinne<\/li>\n<li>\n<div>Gr\u00f6\u00dferer Griff f\u00fcr einfaches Tragen<\/div>\n<\/li>\n<\/ul>\n<h3><u>Standardlieferumfang Yamaha F9.9 JMHS:<\/u><\/h3>\n<ul>\n<li>Aluminiumpropeller<\/li>\n<li>12 Liter Kunststofftank<\/li>\n<li>Tankleitung mit Pumpball<\/li>\n<li>Motor\u00f6l (Marine\u00f6l)<\/li>\n<li>Getriebe\u00f6l ist bereits eingef\u00fcllt<\/li>\n<li>Betriebshandbuch in Deutsch<\/li>\n<li>Garantieunterlagen<\/li>\n<li>CE-Konformit\u00e4tserkl\u00e4rung<\/li>\n<li>\u00dcbergabeinspektion wurde von uns durchgef\u00fchrt<\/li>\n<\/ul>\n<hr \/>\n<p>Wenn Sie auf dem Wasser einen leistungsstarken Antrieb brauchen, m\u00fcssen Sie nicht unbedingt einen schweren Au\u00dfenbordmotor auf ihr Boot schleppen. Der leichte Yamaha F9.9 JMHS l\u00e4sst sich dank des integrierten Tragegriffs sehr gut transportieren und ist \u00e4u\u00dferst bedienerfreundlich Danke der gro\u00dfen Pinne mit Schaltung.<br \/>\nDer Yamaha F9.9 JMHS ist ein viel verwendeter Motor f\u00fcr Schlauchboote.<\/p>\n<h3>Unser leichtes gut tragbares Kraftpaket!<\/h3>\n<p>Dieser Yamaha 9.9hp Viertaktmotor \u00fcberzeugt mit fl\u00fcsterleisem Betrieb, niedrigem Kraftstoffverbrauch sowie geschmeidiger und zuverl\u00e4ssiger Leistungsentfaltung. Die CDI-Z\u00fcndung sorgt stets zuverl\u00e4ssig f\u00fcr ein sofortiges Anspringen und erm\u00f6glicht in Verbindung mit dem Gas-Drehgriff und der Gangschaltung mit Vorw\u00e4rts-, R\u00fcckw\u00e4rts- und Leerlaufstellung ein einfaches und sicheres Man\u00f6vrieren.<\/p>\n<p>Dieses Leichtgewicht hat viele Talente und eignet sich ideal f\u00fcr Beiboote, Angelausfl\u00fcge und Familienfahrten. Nat\u00fcrlich ist der Yamaha F9.9 auch perfekt f\u00fcr Boote im Arbeitseinsatz geeignet.<\/p>\n<h3><u>Yamaha F9.9 JMHS auf einen Blick:<\/u><\/h3>\n<ul>\n<li>\n<div>\u00a0\u00a0\u00a0 Gro\u00dfer, bequemer Tragegriff<\/div>\n<\/li>\n<li>\n<div>\u00a0\u00a0\u00a0 Serienm\u00e4\u00dfige Lichtspule<\/div>\n<\/li>\n<li>\n<div>\u00a0\u00a0\u00a0 Frischwasser-Sp\u00fclsystem<\/div>\n<\/li>\n<li>\n<div>\u00a0\u00a0\u00a0 Flachwasser-Fahrstellung f\u00fcr ufernahe Fahrten<\/div>\n<\/li>\n<li>\n<div>\u00a0\u00a0\u00a0 Drehzahlbegrenzer<\/div>\n<\/li>\n<li>\n<div>\u00a0\u00a0\u00a0 Startsperre bei eingelegtem Gang<\/div>\n<\/li>\n<li>\n<div>\u00a0\u00a0\u00a0 Akustischer Alarm bei geringem \u00d6ldruck<\/div>\n<\/li>\n<li>\n<div>\u00a0\u00a0\u00a0 Leicht klappbare Ruderpinne f\u00fcr einfache Lagerung und Tragbarkeit<\/div>\n<\/li>\n<li>\n<div>\u00a0\u00a0\u00a0 Ergonomische Gestaltung des Schalthebels auf der Ruderpinne<\/div>\n<\/li>\n<li>\n<div>\u00a0\u00a0\u00a0 Kompaktes und effizientes Design<\/div>\n<\/li>\n<li>\n<div>\u00a0\u00a0\u00a0 Erstaunliche Leistung und sattes Drehmoment<\/div>\n<\/li>\n<li>\n<div>\u00a0\u00a0\u00a0 Zus\u00e4tzliche Auflage f\u00fcr bequeme vertikale Lagerung<\/div>\n<\/li>\n<\/ul>\n","protected":false},"excerpt":{"rendered":"<p>Yamaha F9.9 JMHS \/ 9.9hp Au\u00dfenborder 9,9 PS (7,3 kW), 2 Zylinder, wassergek\u00fchlt, 212 qcm Hubraum, Kurzschaft, Drehgaspinne, Handstarter Empfohlene Spiegelh\u00f6he: 431 mm Bodenseezulassung, Gewicht 39,9 kg. Neu bei der F9.9 Modellreihe: Schalthebel an der Steuerpinne Gr\u00f6\u00dferer Griff f\u00fcr einfaches Tragen Standardlieferumfang Yamaha F9.9 JMHS: Aluminiumpropeller 12 Liter Kunststofftank Tankleitung mit Pumpball Motor\u00f6l (Marine\u00f6l) Getriebe\u00f6l&hellip;&nbsp;<a href=\"http:\/\/www.warnow-werkstatt.de\/shop\/produkt\/yamaha-f99jmhs-l\/\" class=\"\" rel=\"bookmark\">Weiterlesen &raquo;<span class=\"screen-reader-text\">Yamaha F9,9JMHS\/L<\/span><\/a><\/p>\n","protected":false},"featured_media":75,"template":"","meta":{"neve_meta_sidebar":"","neve_meta_container":"","neve_meta_enable_content_width":"off","neve_meta_content_width":100,"neve_meta_title_alignment":"","neve_meta_author_avatar":"","neve_post_elements_order":"","neve_meta_disable_header":"","neve_meta_disable_footer":"","neve_meta_disable_title":""},"product_brand":[],"product_cat":[33],"product_tag":[],"class_list":{"0":"post-74","1":"product","2":"type-product","3":"status-publish","4":"has-post-thumbnail","6":"product_cat-yamaha-motoren","8":"first","9":"instock","10":"sale","11":"taxable","12":"shipping-taxable","13":"purchasable","14":"product-type-simple"},"_links":{"self":[{"href":"http:\/\/www.warnow-werkstatt.de\/shop\/wp-json\/wp\/v2\/product\/74","targetHints":{"allow":["GET"]}}],"collection":[{"href":"http:\/\/www.warnow-werkstatt.de\/shop\/wp-json\/wp\/v2\/product"}],"about":[{"href":"http:\/\/www.warnow-werkstatt.de\/shop\/wp-json\/wp\/v2\/types\/product"}],"wp:featuredmedia":[{"embeddable":true,"href":"http:\/\/www.warnow-werkstatt.de\/shop\/wp-json\/wp\/v2\/media\/75"}],"wp:attachment":[{"href":"http:\/\/www.warnow-werkstatt.de\/shop\/wp-json\/wp\/v2\/media?parent=74"}],"wp:term":[{"taxonomy":"product_brand","embeddable":true,"href":"http:\/\/www.warnow-werkstatt.de\/shop\/wp-json\/wp\/v2\/product_brand?post=74"},{"taxonomy":"product_cat","embeddable":true,"href":"http:\/\/www.warnow-werkstatt.de\/shop\/wp-json\/wp\/v2\/product_cat?post=74"},{"taxonomy":"product_tag","embeddable":true,"href":"http:\/\/www.warnow-werkstatt.de\/shop\/wp-json\/wp\/v2\/product_tag?post=74"}],"curies":[{"name":"wp","href":"https:\/\/api.w.org\/{rel}","templated":true}]}}