{"id":70,"date":"2023-03-20T14:22:57","date_gmt":"2023-03-20T13:22:57","guid":{"rendered":"http:\/\/www.warnow-werkstatt.de\/shop\/?post_type=product&#038;p=70"},"modified":"2023-03-22T15:02:58","modified_gmt":"2023-03-22T14:02:58","slug":"yamaha-f8fmhl","status":"publish","type":"product","link":"http:\/\/www.warnow-werkstatt.de\/shop\/produkt\/yamaha-f8fmhl\/","title":{"rendered":"Yamaha F8FMHL"},"content":{"rendered":"<h2><strong>Yamaha F8 FMHL \/ 8hp Aussenborder<\/strong><\/h2>\n<p>8 PS (5,9 kW), 2 Zylinder, wassergek\u00fchlt, 212 qcm Hubraum,<br \/>\n<strong>Langschaft, Drehgaspinne, Handstarter<\/strong><br \/>\nEmpfohlene Spiegelh\u00f6he: 558 mm<br \/>\nBodenseezulassung. Gewicht nur 41 kg.<\/p>\n<h3><u>Standardlieferumfang Yamaha F8 FMHL Aussenborder:<\/u><\/h3>\n<ul>\n<li>Aluminiumpropeller<\/li>\n<li>12 Liter Kunststofftank<\/li>\n<li>Tankleitung mit Pumpball<\/li>\n<li>Motor\u00f6l (Marine\u00f6l)<\/li>\n<li>Getriebe\u00f6l ist bereits eingef\u00fcllt<\/li>\n<li>Betriebshandbuch in Deutsch<\/li>\n<li>Garantieunterlagen<\/li>\n<li>CE-Konformit\u00e4tserkl\u00e4rung<\/li>\n<li>\u00dcbergabeinspektion wurde von uns durchgef\u00fchrt<\/li>\n<\/ul>\n<hr \/>\n<h3>Yamaha F8FMHL &#8211; Unser leichtes gut tragbares Kraftpaket mit 8 PS!<\/h3>\n<div>Wenn Sie auf dem Wasser einen leistungsstarken Antrieb brauchen, m\u00fcssen Sie nicht unbedingt einen schweren Au\u00dfenbordmotor auf ihr Boot schleppen.<br \/>\nDer leichte Yamaha Langschaft F8FMHL Langschaftmotor l\u00e4sst sich dank des integrierten Tragegriffs sehr gut transportieren und ist \u00e4u\u00dferst bedienerfreundlich.<\/div>\n<div>Dieser Viertaktmotor von Yamaha \u00fcberzeugt mit fl\u00fcsterleisem Betrieb, niedrigem Kraftstoffverbrauch sowie geschmeidiger und zuverl\u00e4ssiger Leistungsentfaltung.<br \/>\nDie CDI-Z\u00fcndung sorgt stets zuverl\u00e4ssig f\u00fcr ein sofortiges Anspringen und erm\u00f6glicht in Verbindung mit dem Gas-Drehgriff und der Gangschaltung mit Vorw\u00e4rts-, R\u00fcckw\u00e4rts- und Leerlaufstellung ein einfaches und sicheres Man\u00f6vrieren.<br \/>\nDieses Leichtgewicht mit 8 PS hat viele Talente und eignet sich ideal f\u00fcr Beiboote, Angelausfl\u00fcge und Familienfahrten. Nat\u00fcrlich ist der F8 auch perfekt f\u00fcr Boote im Arbeitseinsatz geeignet.<\/div>\n<h3><u>Yamaha F8 FMHL Aussenborder auf einen Blick:<\/u><\/h3>\n<ul>\n<li>\u00a0\u00a0\u00a0 Flachwasser-Fahrstellung f\u00fcr ufernahe Fahrten<\/li>\n<li>\u00a0\u00a0\u00a0 Frischwasser-Sp\u00fclsystem<\/li>\n<li>\u00a0\u00a0\u00a0 Kompaktes und effizientes Design<\/li>\n<li>\u00a0\u00a0\u00a0 Serienm\u00e4\u00dfige Lichtspule<\/li>\n<li>\u00a0\u00a0\u00a0 Drehzahlbegrenzer<\/li>\n<li>\u00a0\u00a0\u00a0 Startsperre bei eingelegtem Gang<\/li>\n<li>\u00a0\u00a0\u00a0 Akustischer Alarm bei geringem \u00d6ldruck<\/li>\n<li>\u00a0\u00a0\u00a0 Ergonomische Gestaltung des Schalthebels auf der Ruderpinne<\/li>\n<li>\u00a0\u00a0\u00a0 Leicht klappbare Ruderpinne f\u00fcr einfache Lagerung und Tragbarkeit<\/li>\n<li>\u00a0\u00a0\u00a0 Zus\u00e4tzliche Auflage f\u00fcr bequeme vertikale Lagerung<\/li>\n<li>\u00a0\u00a0\u00a0 Erstaunliche Leistung und sattes Drehmoment<\/li>\n<li>\u00a0\u00a0\u00a0 Gro\u00dfer, bequemer Tragegriff<\/li>\n<\/ul>\n","protected":false},"excerpt":{"rendered":"<p>Yamaha F8 FMHL \/ 8hp Aussenborder 8 PS (5,9 kW), 2 Zylinder, wassergek\u00fchlt, 212 qcm Hubraum, Langschaft, Drehgaspinne, Handstarter Empfohlene Spiegelh\u00f6he: 558 mm Bodenseezulassung. Gewicht nur 41 kg. Standardlieferumfang Yamaha F8 FMHL Aussenborder: Aluminiumpropeller 12 Liter Kunststofftank Tankleitung mit Pumpball Motor\u00f6l (Marine\u00f6l) Getriebe\u00f6l ist bereits eingef\u00fcllt Betriebshandbuch in Deutsch Garantieunterlagen CE-Konformit\u00e4tserkl\u00e4rung \u00dcbergabeinspektion wurde von uns&hellip;&nbsp;<a href=\"http:\/\/www.warnow-werkstatt.de\/shop\/produkt\/yamaha-f8fmhl\/\" class=\"\" rel=\"bookmark\">Weiterlesen &raquo;<span class=\"screen-reader-text\">Yamaha F8FMHL<\/span><\/a><\/p>\n","protected":false},"featured_media":71,"template":"","meta":{"neve_meta_sidebar":"","neve_meta_container":"","neve_meta_enable_content_width":"off","neve_meta_content_width":100,"neve_meta_title_alignment":"","neve_meta_author_avatar":"","neve_post_elements_order":"","neve_meta_disable_header":"","neve_meta_disable_footer":"","neve_meta_disable_title":""},"product_brand":[],"product_cat":[33],"product_tag":[],"class_list":{"0":"post-70","1":"product","2":"type-product","3":"status-publish","4":"has-post-thumbnail","6":"product_cat-yamaha-motoren","8":"first","9":"instock","10":"sale","11":"taxable","12":"shipping-taxable","13":"purchasable","14":"product-type-simple"},"_links":{"self":[{"href":"http:\/\/www.warnow-werkstatt.de\/shop\/wp-json\/wp\/v2\/product\/70","targetHints":{"allow":["GET"]}}],"collection":[{"href":"http:\/\/www.warnow-werkstatt.de\/shop\/wp-json\/wp\/v2\/product"}],"about":[{"href":"http:\/\/www.warnow-werkstatt.de\/shop\/wp-json\/wp\/v2\/types\/product"}],"wp:featuredmedia":[{"embeddable":true,"href":"http:\/\/www.warnow-werkstatt.de\/shop\/wp-json\/wp\/v2\/media\/71"}],"wp:attachment":[{"href":"http:\/\/www.warnow-werkstatt.de\/shop\/wp-json\/wp\/v2\/media?parent=70"}],"wp:term":[{"taxonomy":"product_brand","embeddable":true,"href":"http:\/\/www.warnow-werkstatt.de\/shop\/wp-json\/wp\/v2\/product_brand?post=70"},{"taxonomy":"product_cat","embeddable":true,"href":"http:\/\/www.warnow-werkstatt.de\/shop\/wp-json\/wp\/v2\/product_cat?post=70"},{"taxonomy":"product_tag","embeddable":true,"href":"http:\/\/www.warnow-werkstatt.de\/shop\/wp-json\/wp\/v2\/product_tag?post=70"}],"curies":[{"name":"wp","href":"https:\/\/api.w.org\/{rel}","templated":true}]}}