{"id":62,"date":"2023-03-20T14:17:32","date_gmt":"2023-03-20T13:17:32","guid":{"rendered":"http:\/\/www.warnow-werkstatt.de\/shop\/?post_type=product&#038;p=62"},"modified":"2023-03-22T15:03:23","modified_gmt":"2023-03-22T14:03:23","slug":"yamaha-f25bmhl","status":"publish","type":"product","link":"http:\/\/www.warnow-werkstatt.de\/shop\/produkt\/yamaha-f25bmhl\/","title":{"rendered":"Yamaha F2,5BMHL"},"content":{"rendered":"<h2><strong>Yamaha F2.5 BMHL &#8211; 2.5 PS Aussenborder<\/strong><\/h2>\n<p>2,5 PS (1,8 kW), 1 Zylinder, wassergek\u00fchlt, 72 cm\u00b3 Hubraum, Gewicht 17 kg<br \/>\n<strong>Langschaft, Drehgaspinne, Handstart<\/strong><br \/>\nEmpfohlene Spiegelh\u00f6he: 560 mm<\/p>\n<p>Der Motor hat einen integrierten 0,9 Liter Tank<\/p>\n<h3><u>Standardlieferumfang Yamaha F2.5 BMHL &#8211; 2.5 PS Aussenborder:<\/u><\/h3>\n<ul>\n<li>Aluminiumpropeller<\/li>\n<li>Motor\u00f6l (Marine\u00f6l)<\/li>\n<li>Getriebe\u00f6l ist bereits eingef\u00fcllt<\/li>\n<li>Betriebshandbuch in Deutsch<\/li>\n<li>Garantieunterlagen<\/li>\n<li>CE-Konformit\u00e4tserkl\u00e4rung<\/li>\n<li>\u00dcbergabeinspektion wurde von uns durchgef\u00fchrt<\/li>\n<\/ul>\n<hr \/>\n<h3><u>Yamaha 2.5 PS &#8211; Einfach mitnehmen und durchstarten\u00a0\u2013 dieser Yamaha Langschaft Motor ist Ihr tragbares Kraftpaket<\/u><\/h3>\n<div class=\"units-introduction parsys\">\n<section class=\"content-section intro-cell product-explorer\">\n<div class=\"row\">\n<div class=\"medium-10 large-6 small-centered text-center columns\">\n<p>Dieser beliebte tragbare Motor mit seiner eleganten Form arbeitet sauber und leise. Zudem kann er eine F\u00fclle bedienerfreundlicher Funktionen vorweisen. Der kleine Motor ist vollgepackt mit modernster Yamaha-Technik und punktet dar\u00fcber hinaus mit ausreichend Leistung, hervorragendem Handling und vorbildlicher Man\u00f6vrierbarkeit. Der Yamaha Langschaft F2.5BMHL ist ein idealer Hilfsmotor f\u00fcr Jollen. Mit diesem Motor fahren Sie angenehm leise durch Schleusen und Kan\u00e4le. Er sit ebenfalls gut f\u00fcr hochbordige Ruderboot mit hohem Heckspiegel geeignet.<\/p>\n<p>Verschiedene praktische Lagerpositionen, ein handlicher transparenter Kraftstofftank, die benutzerfreundlich intuitiven und gut erreichbaren Bedienelemente sowie der neue, gro\u00dfe komfortable Tragegriff machen diesen Viertakter zur idealen Wahl.<\/p>\n<\/div>\n<\/div>\n<\/section>\n<\/div>\n<h3 class=\"specs-preview-cell__title\"><u>Yamaha F2.5 BMHL &#8211; 2.5 PS Aussenborder auf einen Blick<\/u><\/h3>\n<ul class=\"list--square\">\n<li>\n<div>Bessere Verbrennung und geringere Abgaswerte<\/div>\n<\/li>\n<li>\n<div>Kein \u00d6lverlust mehr! System erm\u00f6glicht sicheres Lagern und Transportieren auf drei Seiten<\/div>\n<\/li>\n<li>\n<div>Gro\u00dfer Schalthebel f\u00fcr einfache Gangauswahl<\/div>\n<\/li>\n<li>\n<div>Einfache Steuerung mit F-N-Schaltung (Vorw\u00e4rts\u00a0\u2013 Leerlauf)<\/div>\n<\/li>\n<li>\n<div>Die 360\u00b0-Lenkung macht das Man\u00f6vrieren zum wahren Vergn\u00fcgen<\/div>\n<\/li>\n<li>\n<div>Gro\u00dfer, bequemer Tragegriff auf der R\u00fcckseite<\/div>\n<\/li>\n<li>\n<div>Integrierter transparenter Kraftstofftank f\u00fcr mehr Komfort<\/div>\n<\/li>\n<li>\n<div>Robuste Ruderpinne mit leichtg\u00e4ngigem Gas-Drehgriff<\/div>\n<\/li>\n<li>\n<div>Beste Man\u00f6vrierbarkeit durch einstellbaren Lenkwiderstand<\/div>\n<\/li>\n<li>\n<div>Sichtfenster erm\u00f6glicht die einfache \u00d6lkontrolle<\/div>\n<\/li>\n<li>\n<div>Hohe Zuverl\u00e4ssigkeit durch TCI-Z\u00fcndung<\/div>\n<\/li>\n<li>\n<div>Automatik-Dekompressor f\u00fcr leichte Starts<\/div>\n<\/li>\n<\/ul>\n","protected":false},"excerpt":{"rendered":"<p>Yamaha F2.5 BMHL &#8211; 2.5 PS Aussenborder 2,5 PS (1,8 kW), 1 Zylinder, wassergek\u00fchlt, 72 cm\u00b3 Hubraum, Gewicht 17 kg Langschaft, Drehgaspinne, Handstart Empfohlene Spiegelh\u00f6he: 560 mm Der Motor hat einen integrierten 0,9 Liter Tank Standardlieferumfang Yamaha F2.5 BMHL &#8211; 2.5 PS Aussenborder: Aluminiumpropeller Motor\u00f6l (Marine\u00f6l) Getriebe\u00f6l ist bereits eingef\u00fcllt Betriebshandbuch in Deutsch Garantieunterlagen CE-Konformit\u00e4tserkl\u00e4rung&hellip;&nbsp;<a href=\"http:\/\/www.warnow-werkstatt.de\/shop\/produkt\/yamaha-f25bmhl\/\" class=\"\" rel=\"bookmark\">Weiterlesen &raquo;<span class=\"screen-reader-text\">Yamaha F2,5BMHL<\/span><\/a><\/p>\n","protected":false},"featured_media":63,"template":"","meta":{"neve_meta_sidebar":"","neve_meta_container":"","neve_meta_enable_content_width":"off","neve_meta_content_width":100,"neve_meta_title_alignment":"","neve_meta_author_avatar":"","neve_post_elements_order":"","neve_meta_disable_header":"","neve_meta_disable_footer":"","neve_meta_disable_title":""},"product_brand":[],"product_cat":[33],"product_tag":[],"class_list":{"0":"post-62","1":"product","2":"type-product","3":"status-publish","4":"has-post-thumbnail","6":"product_cat-yamaha-motoren","8":"first","9":"instock","10":"sale","11":"taxable","12":"shipping-taxable","13":"purchasable","14":"product-type-simple"},"_links":{"self":[{"href":"http:\/\/www.warnow-werkstatt.de\/shop\/wp-json\/wp\/v2\/product\/62","targetHints":{"allow":["GET"]}}],"collection":[{"href":"http:\/\/www.warnow-werkstatt.de\/shop\/wp-json\/wp\/v2\/product"}],"about":[{"href":"http:\/\/www.warnow-werkstatt.de\/shop\/wp-json\/wp\/v2\/types\/product"}],"wp:featuredmedia":[{"embeddable":true,"href":"http:\/\/www.warnow-werkstatt.de\/shop\/wp-json\/wp\/v2\/media\/63"}],"wp:attachment":[{"href":"http:\/\/www.warnow-werkstatt.de\/shop\/wp-json\/wp\/v2\/media?parent=62"}],"wp:term":[{"taxonomy":"product_brand","embeddable":true,"href":"http:\/\/www.warnow-werkstatt.de\/shop\/wp-json\/wp\/v2\/product_brand?post=62"},{"taxonomy":"product_cat","embeddable":true,"href":"http:\/\/www.warnow-werkstatt.de\/shop\/wp-json\/wp\/v2\/product_cat?post=62"},{"taxonomy":"product_tag","embeddable":true,"href":"http:\/\/www.warnow-werkstatt.de\/shop\/wp-json\/wp\/v2\/product_tag?post=62"}],"curies":[{"name":"wp","href":"https:\/\/api.w.org\/{rel}","templated":true}]}}