{"id":49,"date":"2023-03-20T14:07:09","date_gmt":"2023-03-20T13:07:09","guid":{"rendered":"http:\/\/www.warnow-werkstatt.de\/shop\/?post_type=product&#038;p=49"},"modified":"2023-03-22T15:04:11","modified_gmt":"2023-03-22T14:04:11","slug":"yamaha-f15ces","status":"publish","type":"product","link":"http:\/\/www.warnow-werkstatt.de\/shop\/produkt\/yamaha-f15ces\/","title":{"rendered":"Yamaha F15CES"},"content":{"rendered":"<h2><strong>Yamaha F15 CES \/ 15hp Aussenborder<\/strong><\/h2>\n<p>15 PS (11,0 kW), 2 Zylinder, wassergek\u00fchlt, 362 qcm Hubraum,<br \/>\n<strong>Kurzschaft, Fernschaltung, E-Start<\/strong><br \/>\nEmpfohlene Spiegelh\u00f6he: 438 mm<br \/>\nBodenseezulassung, Gewicht 53,7 kg.<\/p>\n<h3><u>Standardlieferumfang Yamaha F15 CES :<\/u><\/h3>\n<ul>\n<li>Aluminiumpropeller<\/li>\n<li>24 Liter Kunststofftank<\/li>\n<li>Tankleitung mit Pumpball<\/li>\n<li>Schaltbox 703 (F\u00fcr individuelle Einbaul\u00f6sungen sprechen Sie uns bitte an)<\/li>\n<li>Motor\u00f6l (Marine\u00f6l)<\/li>\n<li>Getriebe\u00f6l ist bereits eingef\u00fcllt<\/li>\n<li>Betriebshandbuch in Deutsch<\/li>\n<li>Garantieunterlagen<\/li>\n<li>CE-Konformit\u00e4tserkl\u00e4rung<\/li>\n<li>\u00dcbergabeinspektion wurde von uns durchgef\u00fchrt<\/li>\n<\/ul>\n<hr \/>\n<p>Wenn Ihnen einfache Handhabung und komfortable Steuerung wichtig sind, liegen Sie mit dem zuverl\u00e4ssigen Yamaha F15 CES genau richtig.<br \/>\nDieses Fernschaltmodell mit Normelschaft \/ Kurzschaft findet oft seinen Anwendung bei kleinen Konsolenbooten<\/p>\n<h3>Kleiner Motor, gro\u00dfe Leistung<\/h3>\n<p>Dieser vielseitige Zweizylinder Yamaha Viertakter verbindet Leistung mit gutem Ansprechverhalten und laufruhigem Betrieb. Diese Motoren schonen die Umwelt \u2013 daf\u00fcr sorgen die hohe Kraftstoffeffizienz und die geringen Emissionen.<\/p>\n<p>Profitieren Sie von den zahlreichen Extras, die nur ein Au\u00dfenborder von Yamaha bietet. Computergesteuerte Z\u00fcndung, ein spezielles Startsystem f\u00fcr niedrige Drehzahlen, wassergek\u00fchlte Kraftstoffpumpe und gro\u00dfvolumige Schalld\u00e4mpfer finden Sie normalerweise nur bei gr\u00f6\u00dferen Motoren. Alles in allem die perfekte Wahl f\u00fcr Gewerbetreibende, Profis und Freizeitnutzer.<\/p>\n<h3><u>Yamaha F15 CES auf einen Blick:<\/u><\/h3>\n<ul>\n<li>\u00a0\u00a0\u00a0 PrimeStart\u2122-System f\u00fcr einfaches Anlassen<\/li>\n<li>\u00a0\u00a0\u00a0 Leistungsstarke Lichtmaschine<\/li>\n<li>\u00a0\u00a0\u00a0 Flachwasser-Fahrstellung f\u00fcr ufernahe Fahrten<\/li>\n<li>\u00a0\u00a0\u00a0 Frischwassersp\u00fclsystem<\/li>\n<li>\u00a0\u00a0\u00a0 Robuste Haube aus einem St\u00fcck<\/li>\n<li>\u00a0\u00a0\u00a0 Ideales Verh\u00e4ltnis zwischen Kraft und Gewicht<\/li>\n<li>\u00a0\u00a0\u00a0 Einzigartige und wirtschaftliche Leistung bei geringem Gewicht<\/li>\n<li>\u00a0\u00a0\u00a0 Kippanlage als Option<\/li>\n<li>\u00a0\u00a0\u00a0 Bequeme horizontale und vertikale Lagerpositionen<\/li>\n<\/ul>\n<p>&nbsp;<\/p>\n<h3>PrimeStart\u2122<\/h3>\n<p>Dieser Yamaha 15hp l\u00e4sst sich so einfach anlassen wie ein Auto \u2013 sogar wenn er kalt ist. Das exklusiv bei Yamaha erh\u00e4ltliche Startsystem PrimeStart\u2122 l\u00e4sst den Motor anspringen, sobald Sie die elektrische oder manuelle Startvorrichtung bet\u00e4tigen.<\/p>\n","protected":false},"excerpt":{"rendered":"<p>Yamaha F15 CES \/ 15hp Aussenborder 15 PS (11,0 kW), 2 Zylinder, wassergek\u00fchlt, 362 qcm Hubraum, Kurzschaft, Fernschaltung, E-Start Empfohlene Spiegelh\u00f6he: 438 mm Bodenseezulassung, Gewicht 53,7 kg. Standardlieferumfang Yamaha F15 CES : Aluminiumpropeller 24 Liter Kunststofftank Tankleitung mit Pumpball Schaltbox 703 (F\u00fcr individuelle Einbaul\u00f6sungen sprechen Sie uns bitte an) Motor\u00f6l (Marine\u00f6l) Getriebe\u00f6l ist bereits eingef\u00fcllt&hellip;&nbsp;<a href=\"http:\/\/www.warnow-werkstatt.de\/shop\/produkt\/yamaha-f15ces\/\" class=\"\" rel=\"bookmark\">Weiterlesen &raquo;<span class=\"screen-reader-text\">Yamaha F15CES<\/span><\/a><\/p>\n","protected":false},"featured_media":50,"template":"","meta":{"neve_meta_sidebar":"","neve_meta_container":"","neve_meta_enable_content_width":"off","neve_meta_content_width":100,"neve_meta_title_alignment":"","neve_meta_author_avatar":"","neve_post_elements_order":"","neve_meta_disable_header":"","neve_meta_disable_footer":"","neve_meta_disable_title":""},"product_brand":[],"product_cat":[33],"product_tag":[],"class_list":{"0":"post-49","1":"product","2":"type-product","3":"status-publish","4":"has-post-thumbnail","6":"product_cat-yamaha-motoren","8":"first","9":"instock","10":"sale","11":"taxable","12":"shipping-taxable","13":"purchasable","14":"product-type-simple"},"_links":{"self":[{"href":"http:\/\/www.warnow-werkstatt.de\/shop\/wp-json\/wp\/v2\/product\/49","targetHints":{"allow":["GET"]}}],"collection":[{"href":"http:\/\/www.warnow-werkstatt.de\/shop\/wp-json\/wp\/v2\/product"}],"about":[{"href":"http:\/\/www.warnow-werkstatt.de\/shop\/wp-json\/wp\/v2\/types\/product"}],"wp:featuredmedia":[{"embeddable":true,"href":"http:\/\/www.warnow-werkstatt.de\/shop\/wp-json\/wp\/v2\/media\/50"}],"wp:attachment":[{"href":"http:\/\/www.warnow-werkstatt.de\/shop\/wp-json\/wp\/v2\/media?parent=49"}],"wp:term":[{"taxonomy":"product_brand","embeddable":true,"href":"http:\/\/www.warnow-werkstatt.de\/shop\/wp-json\/wp\/v2\/product_brand?post=49"},{"taxonomy":"product_cat","embeddable":true,"href":"http:\/\/www.warnow-werkstatt.de\/shop\/wp-json\/wp\/v2\/product_cat?post=49"},{"taxonomy":"product_tag","embeddable":true,"href":"http:\/\/www.warnow-werkstatt.de\/shop\/wp-json\/wp\/v2\/product_tag?post=49"}],"curies":[{"name":"wp","href":"https:\/\/api.w.org\/{rel}","templated":true}]}}