{"id":46,"date":"2023-03-20T14:04:14","date_gmt":"2023-03-20T13:04:14","guid":{"rendered":"http:\/\/www.warnow-werkstatt.de\/shop\/?post_type=product&#038;p=46"},"modified":"2023-03-22T15:04:17","modified_gmt":"2023-03-22T14:04:17","slug":"yamaha-f15cel","status":"publish","type":"product","link":"http:\/\/www.warnow-werkstatt.de\/shop\/produkt\/yamaha-f15cel\/","title":{"rendered":"Yamaha F15CEL"},"content":{"rendered":"<ul>\n<li>4-Takt (F)<\/li>\n<li>11,03 kW \/ 15 PS<\/li>\n<li>Generation C<\/li>\n<li>Elektrostart (E)<\/li>\n<li>Langschaft (L)<\/li>\n<\/ul>\n<p>Kraftvoll, komfortabel und laufruhig: Der 15hp macht bei jedem Einsatz auf dem Wasser eine Spitzenfigur. Der kompakte und einfach bedienbare Zweizylinder-Viertakter \u00fcberzeugt mit einem guten Ansprechverhalten und schont die Umwelt dank seiner hohen Kraftstoffeffizienz und geringen Emissionen.<br \/>\nDazu kommen viele innovative Features, die man normalerweise nur bei gr\u00f6\u00dferen Motoren findet \u2013 wie eine computergesteuerte Z\u00fcndung, ein spezielles Startsystem f\u00fcr niedrige Drehzahlen, eine wassergek\u00fchlte Kraftstoffpumpe und gro\u00dfvolumige Schalld\u00e4mpfer.<\/p>\n<p>Auf einen Blick:<\/p>\n<ul>\n<li>PrimeStart\u2122-System f\u00fcr einfaches Anlassen<\/li>\n<li>Leistungsstarke Lichtmaschine<\/li>\n<li>Flachwasser-Fahrstellung f\u00fcr ufernahe Fahrten<\/li>\n<li>Frischwassersp\u00fclsystem<\/li>\n<li>Robuste Haube aus einem St\u00fcck<\/li>\n<li>Ideales Verh\u00e4ltnis zwischen Kraft und Gewicht<\/li>\n<li>Wahl zwischen manuellem und elektrischem Starten<\/li>\n<li>Einfache Steuerung mit vorn angebrachtem Schalthebel<\/li>\n<li>Einzigartige und wirtschaftliche Leistung bei geringem Gewicht<\/li>\n<li>Kippanlage als Option<\/li>\n<li>Leichtg\u00e4ngiger Handstarter f\u00fcr einfaches Starten<\/li>\n<li>Bequeme horizontale und vertikale Lagerpositionen<\/li>\n<\/ul>\n<p>Motortyp: 4-Takt<br \/>\nHubraum: 362 ccm<br \/>\nZylinderanzahl\/Anordnung: 2\/In-line, SOHC<br \/>\nBohrung x Hub: 63.0 mm x 58.1 mm<br \/>\nPropellerwellen-Leistung bei mittlerer Drehzahl: 11.0 \/ 5,500 \/min<br \/>\nVollgasdrehzahlbereich: 5,000 &#8211; 6,000 rpm<br \/>\nSchmierung: Nasssumpf<br \/>\nGemischaufbereitung: 1 Vergaser<br \/>\nZ\u00fcndung\/Fr\u00fchverstellungssystem: CDI<br \/>\nStartsystem: Electric (E, EH, EP), Manual (MH) with prime start\u2122<br \/>\nGetriebeuntersetzung (Z\u00e4hne): 2.08 (27:13)<br \/>\nEmpfohlene Spiegelh\u00f6he des Boots: S:438; L:565mm<br \/>\nGewicht mit Propeller: F15CMHS: 51.0kg,F15CMHL: 53.0kg,F15CES: 52.0kg,F15CEL: 54.0kg,F15CEHL: 56.0kg,F15CEPL: 60.0kg<br \/>\nTankinhalt: separat, 25Liter<br \/>\n\u00d6lwanneninhalt: 1.8Liter<br \/>\nSteuerung: Tiller handle (MH, EH), Remote control (E, EP)<br \/>\nTrimm- und Kippanlage: Power Tilt (EP), Manual (MH, EH, E)<br \/>\nLichtmaschinenspule\/Lichtmaschine: 12V -10Amit Gleichrichterregler**<br \/>\nPropeller: Einschlie\u00dflich<\/p>\n","protected":false},"excerpt":{"rendered":"<p>4-Takt (F) 11,03 kW \/ 15 PS Generation C Elektrostart (E) Langschaft (L) Kraftvoll, komfortabel und laufruhig: Der 15hp macht bei jedem Einsatz auf dem Wasser eine Spitzenfigur. Der kompakte und einfach bedienbare Zweizylinder-Viertakter \u00fcberzeugt mit einem guten Ansprechverhalten und schont die Umwelt dank seiner hohen Kraftstoffeffizienz und geringen Emissionen. Dazu kommen viele innovative Features,&hellip;&nbsp;<a href=\"http:\/\/www.warnow-werkstatt.de\/shop\/produkt\/yamaha-f15cel\/\" class=\"\" rel=\"bookmark\">Weiterlesen &raquo;<span class=\"screen-reader-text\">Yamaha F15CEL<\/span><\/a><\/p>\n","protected":false},"featured_media":47,"template":"","meta":{"neve_meta_sidebar":"","neve_meta_container":"","neve_meta_enable_content_width":"off","neve_meta_content_width":100,"neve_meta_title_alignment":"","neve_meta_author_avatar":"","neve_post_elements_order":"","neve_meta_disable_header":"","neve_meta_disable_footer":"","neve_meta_disable_title":""},"product_brand":[],"product_cat":[33],"product_tag":[],"class_list":{"0":"post-46","1":"product","2":"type-product","3":"status-publish","4":"has-post-thumbnail","6":"product_cat-yamaha-motoren","8":"first","9":"instock","10":"sale","11":"taxable","12":"shipping-taxable","13":"purchasable","14":"product-type-simple"},"_links":{"self":[{"href":"http:\/\/www.warnow-werkstatt.de\/shop\/wp-json\/wp\/v2\/product\/46","targetHints":{"allow":["GET"]}}],"collection":[{"href":"http:\/\/www.warnow-werkstatt.de\/shop\/wp-json\/wp\/v2\/product"}],"about":[{"href":"http:\/\/www.warnow-werkstatt.de\/shop\/wp-json\/wp\/v2\/types\/product"}],"wp:featuredmedia":[{"embeddable":true,"href":"http:\/\/www.warnow-werkstatt.de\/shop\/wp-json\/wp\/v2\/media\/47"}],"wp:attachment":[{"href":"http:\/\/www.warnow-werkstatt.de\/shop\/wp-json\/wp\/v2\/media?parent=46"}],"wp:term":[{"taxonomy":"product_brand","embeddable":true,"href":"http:\/\/www.warnow-werkstatt.de\/shop\/wp-json\/wp\/v2\/product_brand?post=46"},{"taxonomy":"product_cat","embeddable":true,"href":"http:\/\/www.warnow-werkstatt.de\/shop\/wp-json\/wp\/v2\/product_cat?post=46"},{"taxonomy":"product_tag","embeddable":true,"href":"http:\/\/www.warnow-werkstatt.de\/shop\/wp-json\/wp\/v2\/product_tag?post=46"}],"curies":[{"name":"wp","href":"https:\/\/api.w.org\/{rel}","templated":true}]}}