{"id":42,"date":"2023-03-20T13:55:21","date_gmt":"2023-03-20T12:55:21","guid":{"rendered":"http:\/\/www.warnow-werkstatt.de\/shop\/?post_type=product&#038;p=42"},"modified":"2023-03-22T15:04:31","modified_gmt":"2023-03-22T14:04:31","slug":"yamaha-m12","status":"publish","type":"product","link":"http:\/\/www.warnow-werkstatt.de\/shop\/produkt\/yamaha-m12\/","title":{"rendered":"Yamaha M12"},"content":{"rendered":"<p>Kleiner E-Motor, gro\u00dfartige Performance: Der kompakte M12 mit Permanentmagnet-12V-Maschine, stabilem Geh\u00e4use und innovativen Schutzbeschichtungen eignet sich ideal als Antrieb f\u00fcr kleine Boote. Die robuste Antriebswelle besteht aus einem Spezialverbundwerkstoff, der bei normaler Nutzung weder brechen, verbiegen noch korrodieren kann. Dank der einstellbaren Halterung ist eine schnelle Montage garantiert. Dazu kommt eine spezielle Hochleistungsschraube, die f\u00fcr maximalen Schub sorgt, ohne sich dabei in Wasserpflanzen oder anderweitigen Hindernissen zu verfangen.<\/p>\n<p>Und f\u00fcr eine kinderleichte Steuerung ist eine drehbare Ruderpinne mit ergonomisch geformtem Griff montiert, die sich bis zu 45 Grad kippen und 15 Zentimeter weit ausziehen l\u00e4sst.<\/p>\n","protected":false},"excerpt":{"rendered":"<p>Kleiner E-Motor, gro\u00dfartige Performance: Der kompakte M12 mit Permanentmagnet-12V-Maschine, stabilem Geh\u00e4use und innovativen Schutzbeschichtungen eignet sich ideal als Antrieb f\u00fcr kleine Boote. Die robuste Antriebswelle besteht aus einem Spezialverbundwerkstoff, der bei normaler Nutzung weder brechen, verbiegen noch korrodieren kann. Dank der einstellbaren Halterung ist eine schnelle Montage garantiert. Dazu kommt eine spezielle Hochleistungsschraube, die f\u00fcr&hellip;&nbsp;<a href=\"http:\/\/www.warnow-werkstatt.de\/shop\/produkt\/yamaha-m12\/\" class=\"\" rel=\"bookmark\">Weiterlesen &raquo;<span class=\"screen-reader-text\">Yamaha M12<\/span><\/a><\/p>\n","protected":false},"featured_media":43,"template":"","meta":{"neve_meta_sidebar":"","neve_meta_container":"","neve_meta_enable_content_width":"off","neve_meta_content_width":100,"neve_meta_title_alignment":"","neve_meta_author_avatar":"","neve_post_elements_order":"","neve_meta_disable_header":"","neve_meta_disable_footer":"","neve_meta_disable_title":""},"product_brand":[],"product_cat":[33],"product_tag":[],"class_list":{"0":"post-42","1":"product","2":"type-product","3":"status-publish","4":"has-post-thumbnail","6":"product_cat-yamaha-motoren","8":"first","9":"instock","10":"sale","11":"taxable","12":"shipping-taxable","13":"purchasable","14":"product-type-simple"},"_links":{"self":[{"href":"http:\/\/www.warnow-werkstatt.de\/shop\/wp-json\/wp\/v2\/product\/42","targetHints":{"allow":["GET"]}}],"collection":[{"href":"http:\/\/www.warnow-werkstatt.de\/shop\/wp-json\/wp\/v2\/product"}],"about":[{"href":"http:\/\/www.warnow-werkstatt.de\/shop\/wp-json\/wp\/v2\/types\/product"}],"wp:featuredmedia":[{"embeddable":true,"href":"http:\/\/www.warnow-werkstatt.de\/shop\/wp-json\/wp\/v2\/media\/43"}],"wp:attachment":[{"href":"http:\/\/www.warnow-werkstatt.de\/shop\/wp-json\/wp\/v2\/media?parent=42"}],"wp:term":[{"taxonomy":"product_brand","embeddable":true,"href":"http:\/\/www.warnow-werkstatt.de\/shop\/wp-json\/wp\/v2\/product_brand?post=42"},{"taxonomy":"product_cat","embeddable":true,"href":"http:\/\/www.warnow-werkstatt.de\/shop\/wp-json\/wp\/v2\/product_cat?post=42"},{"taxonomy":"product_tag","embeddable":true,"href":"http:\/\/www.warnow-werkstatt.de\/shop\/wp-json\/wp\/v2\/product_tag?post=42"}],"curies":[{"name":"wp","href":"https:\/\/api.w.org\/{rel}","templated":true}]}}