{"id":138,"date":"2023-03-20T16:56:46","date_gmt":"2023-03-20T15:56:46","guid":{"rendered":"http:\/\/www.warnow-werkstatt.de\/shop\/?post_type=product&#038;p=138"},"modified":"2023-11-22T13:49:37","modified_gmt":"2023-11-22T12:49:37","slug":"mercury-f115-elpt","status":"publish","type":"product","link":"http:\/\/www.warnow-werkstatt.de\/shop\/produkt\/mercury-f115-elpt\/","title":{"rendered":"Mercury F115 ELPT"},"content":{"rendered":"<p class=\"normal itemName\">115 PS \/ Langschaft \/ Fernbedienung \/ E-Start \/ Power-Trimm<\/p>\n<p>&nbsp;<\/p>\n<h1>Mercury FourStroke 115 EFI: Der Motor mit dem gr\u00f6\u00dften Hubraum<\/h1>\n<p>Dank dem nie endenden Bem\u00fchen von Mercury, branchenf\u00fchrende Innovation zu bieten, k\u00f6nnen Sie jetzt einen leichteren, kompakteren FourStroke- Au\u00dfenbordmotor an Ihren Bootsspiegel h\u00e4ngen, der bessere Leistung, Startbeschleunigung und F\u00e4higkeiten f\u00fcr Schleppsportarten als die fr\u00fcheren F80 bis F115 Modelle bietet \u2013 zusammen mit erh\u00f6hten Kraftstoffeinsparungen, problemloser Wartung und robuster Zuverl\u00e4ssigkeit.<\/p>\n<p><strong><br \/>\nGrosser Hubraum\/ Weniger Gewicht<\/strong><br \/>\nDiese FourStroke-Au\u00dfenbordmotoren haben einen Hubraum von 2,1 Litern, das bedeutet, sie arbeiten intelligenter \u2013 mit weniger Stress \u2013 was zu verbesserter Zuverl\u00e4ssigkeit und l\u00e4ngerer Lebensdauer f\u00fchrt, ganz zu schweigen von gr\u00f6\u00dferer Startbeschleunigung, hervorragender Gesamtbeschleunigung und atemberaubenden Spitzengeschwindigkeiten.<\/p>\n<p><strong><br \/>\nRuhig und leise<\/strong><br \/>\nSchall und Vibrationen werden durch die abgedichtete, thermisch verbundene Motorhaube, den Endschalld\u00e4mpfer, der einen Akustikfilter verwendet, um Abgasger\u00e4usche mit hohen Frequenzen zu verringern, ein neues, reibungsloses Kupplungsdesign und das exklusive Focused Mount System von Mercury minimiert.<\/p>\n<p><strong><br \/>\nWartungsfreundlich<\/strong><br \/>\nF\u00fcr das Austauschen des Kraftstofffilters sind keine Werkzeuge erforderlich und es kann in weniger als einer Minute ausgef\u00fchrt werden. Der QR-Code bietet Verkn\u00fcpfungen zu Ihrem Handy f\u00fcr hilfreiche Anwendungsvideos. Und dank dem wartungsfreien Ventiltrieb von Mercury ben\u00f6tigen Sie keine kostspielige Einstellung des Ventilspiels.<\/p>\n<p><strong><br \/>\nKraftstoffeffizient<\/strong><br \/>\nDurch weniger Gewicht in Kombination mit einem gro\u00dfen Hubraum bieten diese FourStroke-Au\u00dfenbordmotoren maximale Kraftstoffeffizienz, insbesondere bei Reisegeschwindigkeit. Spezielle \u00d6labstreifer und Lager minimieren die Reibung an der Kurbelwelle, was ebenfalls zur Verringerung des Kraftstoffverbrauchs beitr\u00e4gt.<\/p>\n<h3><\/h3>\n<h3>TECHNISCHE DATEN &#8211; 115 PS<\/h3>\n<table class=\"specs-table\">\n<tbody class=\"exposed\">\n<tr>\n<th>PS\/kW<\/th>\n<td>\n<ul>\n<li>115 \/ 85.1<\/li>\n<\/ul>\n<\/td>\n<\/tr>\n<tr>\n<th>Motortyp<\/th>\n<td>\n<ul>\n<li>Inline 4<\/li>\n<li>Vorstehende Nockenwelle mit acht Ventilen (SOHC)<\/li>\n<\/ul>\n<\/td>\n<\/tr>\n<tr>\n<th>Hubraum (l)<\/th>\n<td>\n<ul>\n<li>2.1<\/li>\n<\/ul>\n<\/td>\n<\/tr>\n<tr>\n<th>Drehzahl bei Vollgas<\/th>\n<td>\n<ul>\n<li>5000-6000<\/li>\n<\/ul>\n<\/td>\n<\/tr>\n<tr>\n<th>Luftansaugung<\/th>\n<td>\n<ul>\n<li>Hochleistungs-Scroll-Ansaugkr\u00fcmmer<\/li>\n<\/ul>\n<\/td>\n<\/tr>\n<tr>\n<th>Kraftstoffansaugsystem<\/th>\n<td>\n<ul>\n<li>Computergesteuerte, elektronische Multi-Port-Kraftstoffeinspritzung (EFI)<\/li>\n<\/ul>\n<\/td>\n<\/tr>\n<tr>\n<th>Lichtmaschine Ampere\/Watt<\/th>\n<td>\n<ul>\n<li>35 Ampere\/441 Watt mit wassergek\u00fchltem Spannungsregler<\/li>\n<\/ul>\n<\/td>\n<\/tr>\n<tr>\n<th>Empfohlener Kraftstoff<\/th>\n<td>\n<ul>\n<li>Mindestens 90RON bleifrei<\/li>\n<\/ul>\n<\/td>\n<\/tr>\n<tr>\n<th>Empfohlenes \u00d6l<\/th>\n<td>\n<ul>\n<li>Mercury FourStroke \u00d6l 10W-30<\/li>\n<\/ul>\n<\/td>\n<\/tr>\n<tr>\n<th>Motorschutz-Bootsf\u00fchrer-Warnsystem<\/th>\n<td>\n<ul>\n<li>SmartCraft Motor-W\u00e4chter<\/li>\n<\/ul>\n<\/td>\n<\/tr>\n<\/tbody>\n<tbody class=\"specs-reveal\">\n<tr>\n<th>Kompatibel mit SmartCraft-Digital-Technologie<\/th>\n<td>\n<ul>\n<li>Ja<\/li>\n<\/ul>\n<\/td>\n<\/tr>\n<tr>\n<th>Anlassen<\/th>\n<td>\n<ul>\n<li>Smarte Z\u00fcndelektronik<\/li>\n<\/ul>\n<\/td>\n<\/tr>\n<tr>\n<th>Steuerungen<\/th>\n<td>\n<ul>\n<li>Gas und Kupplung mechanisch<\/li>\n<\/ul>\n<\/td>\n<\/tr>\n<tr>\n<th>Lenkung<\/th>\n<td>\n<ul>\n<li>Hydraulische Power-Lenkung<\/li>\n<li>Kompatibel mit gro\u00dfen Pinnen<\/li>\n<li>Mechanisches Doppel-Seil<\/li>\n<\/ul>\n<\/td>\n<\/tr>\n<tr>\n<th>L\u00e4nge der Welle<\/th>\n<td>\n<ul>\n<li>20&#8243;\/508 mm<\/li>\n<\/ul>\n<\/td>\n<\/tr>\n<tr>\n<th>Getriebegeh\u00e4use-Kennzahl<\/th>\n<td>\n<ul>\n<li>2.07:1<\/li>\n<\/ul>\n<\/td>\n<\/tr>\n<tr>\n<th>Trockengewicht *das leichteste erh\u00e4ltliche Modell<\/th>\n<td>\n<ul>\n<li>163 kg; 165 kg (CT model)<\/li>\n<\/ul>\n<\/td>\n<\/tr>\n<tr>\n<th>CARB-Sternebewertung<\/th>\n<td>\n<ul>\n<li>3<\/li>\n<\/ul>\n<\/td>\n<\/tr>\n<tr>\n<th>Bohrung und Takt<\/th>\n<td>\n<ul>\n<li>3.5 x 3.2&#8243; \/ 90 x 81 mm<\/li>\n<\/ul>\n<\/td>\n<\/tr>\n<tr>\n<th>Z\u00fcndung<\/th>\n<td>\n<ul>\n<li>Digital-induktives Steuerger\u00e4t SmartCraft ECM 70<\/li>\n<\/ul>\n<\/td>\n<\/tr>\n<tr>\n<th>Kraftstoffsystem<\/th>\n<td>\n<ul>\n<li>Elektronische Kraftstoffeinspritzung (EFI)<\/li>\n<\/ul>\n<\/td>\n<\/tr>\n<tr>\n<th>K\u00fchlsystem<\/th>\n<td>\n<ul>\n<li>Wassergek\u00fchlt mit Thermostat<\/li>\n<\/ul>\n<\/td>\n<\/tr>\n<tr>\n<th>Gangschaltung<\/th>\n<td>\n<ul>\n<li>F-N-R<\/li>\n<\/ul>\n<\/td>\n<\/tr>\n<tr>\n<th>Optionen Getriebegeh\u00e4use<\/th>\n<td>\n<ul>\n<li>BigFoot<\/li>\n<li>Standard<\/li>\n<\/ul>\n<\/td>\n<\/tr>\n<tr>\n<th>Trimmsystem<\/th>\n<td>\n<ul>\n<li>Kippbereich<\/li>\n<li>Power-Trimm<\/li>\n<\/ul>\n<\/td>\n<\/tr>\n<tr>\n<th>Abgassystem<\/th>\n<td>\n<ul>\n<li>Per Propeller<\/li>\n<\/ul>\n<\/td>\n<\/tr>\n<tr>\n<th>Trimmbereich f\u00fcr Flachwasser (in Grad)<\/th>\n<td>\n<ul>\n<li>20<\/li>\n<\/ul>\n<\/td>\n<\/tr>\n<tr>\n<th>Farbe<\/th>\n<td>\n<ul>\n<li>Phantom Black<\/li>\n<\/ul>\n<\/td>\n<\/tr>\n<tr>\n<th>Schmiersystem<\/th>\n<td>\n<ul>\n<li>Integrierte Trockensumpfschmierung<\/li>\n<\/ul>\n<\/td>\n<\/tr>\n<tr>\n<th>\u00d6lmenge<\/th>\n<td>\n<ul>\n<li>5.5 qts \/ 5.2 l<\/li>\n<\/ul>\n<\/td>\n<\/tr>\n<tr>\n<th>Maximaler Trimmbereich<\/th>\n<td>\n<ul>\n<li>22\u00b0 (-6\u00b0 bis 16\u00b0)<\/li>\n<\/ul>\n<\/td>\n<\/tr>\n<tr>\n<th>Maximaler Neigungswinkel<\/th>\n<td>\n<ul>\n<li>70\u00b0 (-6\u00b0 bis 64\u00b0)<\/li>\n<\/ul>\n<\/td>\n<\/tr>\n<\/tbody>\n<\/table>\n","protected":false},"excerpt":{"rendered":"<p>115 PS \/ Langschaft \/ Fernbedienung \/ E-Start \/ Power-Trimm &nbsp; Mercury FourStroke 115 EFI: Der Motor mit dem gr\u00f6\u00dften Hubraum Dank dem nie endenden Bem\u00fchen von Mercury, branchenf\u00fchrende Innovation zu bieten, k\u00f6nnen Sie jetzt einen leichteren, kompakteren FourStroke- Au\u00dfenbordmotor an Ihren Bootsspiegel h\u00e4ngen, der bessere Leistung, Startbeschleunigung und F\u00e4higkeiten f\u00fcr Schleppsportarten als die fr\u00fcheren&hellip;&nbsp;<a href=\"http:\/\/www.warnow-werkstatt.de\/shop\/produkt\/mercury-f115-elpt\/\" class=\"\" rel=\"bookmark\">Weiterlesen &raquo;<span class=\"screen-reader-text\">Mercury F115 ELPT<\/span><\/a><\/p>\n","protected":false},"featured_media":139,"template":"","meta":{"neve_meta_sidebar":"","neve_meta_container":"","neve_meta_enable_content_width":"off","neve_meta_content_width":100,"neve_meta_title_alignment":"","neve_meta_author_avatar":"","neve_post_elements_order":"","neve_meta_disable_header":"","neve_meta_disable_footer":"","neve_meta_disable_title":""},"product_brand":[],"product_cat":[34],"product_tag":[],"class_list":{"0":"post-138","1":"product","2":"type-product","3":"status-publish","4":"has-post-thumbnail","6":"product_cat-mercury-motoren","8":"first","9":"instock","10":"sale","11":"taxable","12":"shipping-taxable","13":"purchasable","14":"product-type-simple"},"_links":{"self":[{"href":"http:\/\/www.warnow-werkstatt.de\/shop\/wp-json\/wp\/v2\/product\/138","targetHints":{"allow":["GET"]}}],"collection":[{"href":"http:\/\/www.warnow-werkstatt.de\/shop\/wp-json\/wp\/v2\/product"}],"about":[{"href":"http:\/\/www.warnow-werkstatt.de\/shop\/wp-json\/wp\/v2\/types\/product"}],"wp:featuredmedia":[{"embeddable":true,"href":"http:\/\/www.warnow-werkstatt.de\/shop\/wp-json\/wp\/v2\/media\/139"}],"wp:attachment":[{"href":"http:\/\/www.warnow-werkstatt.de\/shop\/wp-json\/wp\/v2\/media?parent=138"}],"wp:term":[{"taxonomy":"product_brand","embeddable":true,"href":"http:\/\/www.warnow-werkstatt.de\/shop\/wp-json\/wp\/v2\/product_brand?post=138"},{"taxonomy":"product_cat","embeddable":true,"href":"http:\/\/www.warnow-werkstatt.de\/shop\/wp-json\/wp\/v2\/product_cat?post=138"},{"taxonomy":"product_tag","embeddable":true,"href":"http:\/\/www.warnow-werkstatt.de\/shop\/wp-json\/wp\/v2\/product_tag?post=138"}],"curies":[{"name":"wp","href":"https:\/\/api.w.org\/{rel}","templated":true}]}}