{"id":135,"date":"2023-03-20T16:55:07","date_gmt":"2023-03-20T15:55:07","guid":{"rendered":"http:\/\/www.warnow-werkstatt.de\/shop\/?post_type=product&#038;p=135"},"modified":"2023-11-22T13:50:06","modified_gmt":"2023-11-22T12:50:06","slug":"mercury-f100-elpt-ct","status":"publish","type":"product","link":"http:\/\/www.warnow-werkstatt.de\/shop\/produkt\/mercury-f100-elpt-ct\/","title":{"rendered":"Mercury F100 ELPT CT"},"content":{"rendered":"<div>\n<p><strong>Gro\u00dfer Hubraum \/ Weniger Gewicht<\/strong><\/p>\n<p>Diese Viertakt-Au\u00dfenbordmotoren haben einen Hubraum von 2,1 Litern, das bedeutet, sie arbeiten intelligenter \u2013 mit weniger Stress \u2013 was zu verbesserter Zuverl\u00e4ssigkeit und l\u00e4ngerer Lebensdauer f\u00fchrt, ganz zu schweigen von gr\u00f6\u00dferer Startbeschleunigung, hervorragender Gesamtbeschleunigung und atemberaubenden Spitzengeschwindigkeiten.<\/p>\n<p><strong>Ruhig und\u00a0leise<\/strong><\/p>\n<p>Schall und Vibrationen werden durch die abgedichtete, thermisch verbundene Motorhaube, dem Endschalld\u00e4mpfer, der einen Akustikfilter verwendet, um Abgasger\u00e4usche mit hohen Frequenzen zu verringern, ein neues, reibungsloses Kupplungsdesign und das exklusive Focused Mount System von Mercury minimiert.<\/p>\n<p><strong>Wartungsfreundlich<\/strong><\/p>\n<p>F\u00fcr das Austauschen des Kraftstofffilters sind keine Werkzeuge erforderlich und es kann in weniger als einer Minute ausgef\u00fchrt werden. Und dank dem wartungsfreien Ventil von Mercury ben\u00f6tigen Sie keine kostspielige Einstellung des Ventils.<\/p>\n<p><strong>Kraftstoffeffzient<\/strong><\/p>\n<p>Durch weniger Gewicht in Kombination mit einem gro\u00dfen Hubraum bieten diese Viertakt-Au\u00dfenbordmotoren maximale Kraftstoffeffizienz, insbesondere bei Reisegeschwindigkeit. Spezielle \u00d6labstreifer und Lager minimieren die Reibung an der Kurbelwelle, was ebenfalls zur Verringerung des Kraftstoffverbrauchs beitr\u00e4gt.<\/p>\n<p>&nbsp;<\/p>\n<div>\n<table>\n<tbody>\n<tr>\n<td align=\"center\"><strong>Gr\u00f6\u00dfter Hubraum seiner Klasse f\u00fcr bestes Drehmoment beim Starten. Beeindruckende, \u00fcberw\u00e4ltigende Gleiteigenschaften gepaart mit excellenter Kraftstoffeffizienz und Laufruhe.<\/strong><\/td>\n<td><\/td>\n<\/tr>\n<tr>\n<td><\/td>\n<td><\/td>\n<td><\/td>\n<\/tr>\n<\/tbody>\n<\/table>\n<p>&nbsp;<\/p>\n<table border=\"0\" cellspacing=\"2\" cellpadding=\"0\">\n<tbody>\n<tr>\n<td><\/td>\n<td><strong>Technische Daten Mercury F 100\u00a0EFI<\/strong><\/td>\n<td><\/td>\n<td><strong>F 100\u00a0EFI<\/strong><\/td>\n<td><\/td>\n<td><strong>F 100 EFI\u00a0<span class=\"mytool\"><abbr>Command Thrust<\/abbr><\/span><\/strong><\/td>\n<td><\/td>\n<\/tr>\n<tr>\n<td><\/td>\n<td><strong>kW\/PS:<\/strong><\/td>\n<td><\/td>\n<td>74\/100<\/td>\n<td><\/td>\n<td>74\/100<\/td>\n<td><\/td>\n<\/tr>\n<tr>\n<td><\/td>\n<td><strong>Zylinder:<\/strong><\/td>\n<td><\/td>\n<td>4, vorstehende Nockenwelle mit acht Ventilen (SOHC)<\/td>\n<td><\/td>\n<td>4, vorstehende Nockenwelle mit acht Ventilen (SOHC)<\/td>\n<td><\/td>\n<\/tr>\n<tr>\n<td><\/td>\n<td><strong>Hubraum (ccm):<\/strong><\/td>\n<td><\/td>\n<td>2100<\/td>\n<td><\/td>\n<td>2100<\/td>\n<td><\/td>\n<\/tr>\n<tr>\n<td><\/td>\n<td><strong>Drehzahl bei Vollgas:<\/strong><\/td>\n<td><\/td>\n<td>5000\u20136000<\/td>\n<td><\/td>\n<td>5000\u20136000<\/td>\n<td><\/td>\n<\/tr>\n<tr>\n<td><\/td>\n<td><strong>Luftansaugung:<\/strong><\/td>\n<td><\/td>\n<td>Hochleistungs-Scroll-Ansaugkr\u00fcmmer<\/td>\n<td><\/td>\n<td>Hochleistungs-Scroll-Ansaugkr\u00fcmmer<\/td>\n<td><\/td>\n<\/tr>\n<tr>\n<td><\/td>\n<td><strong>Kraftstoffansaugsystem:<\/strong><\/td>\n<td><\/td>\n<td>Computergesteuerte, elektronische Multi-Port-Kraftstoffeinspritzung (EFI)<\/td>\n<td><\/td>\n<td>Computergesteuerte, elektronische Multi-Port-Kraftstoffeinspritzung (EFI)<\/td>\n<td><\/td>\n<\/tr>\n<tr>\n<td><\/td>\n<td><strong>Lichtmaschine (Ampere\/Watt):<\/strong><\/td>\n<td><\/td>\n<td>35\/441<\/td>\n<td><\/td>\n<td>35\/441<\/td>\n<td><\/td>\n<\/tr>\n<tr>\n<td><\/td>\n<td><strong>Empfohlener Kraftstoff:<\/strong><\/td>\n<td><\/td>\n<td>Mindestens 90 RON bleifrei<\/td>\n<td><\/td>\n<td>Mindestens 90 RON bleifrei<\/td>\n<td><\/td>\n<\/tr>\n<tr>\n<td><\/td>\n<td><strong>Empfohlenes \u00d6l:<\/strong><\/td>\n<td><\/td>\n<td>Mercury FourStroke \u00d6l 10W-30<\/td>\n<td><\/td>\n<td>Mercury FourStroke \u00d6l 10W-30<\/td>\n<td><\/td>\n<\/tr>\n<tr>\n<td><\/td>\n<td><strong>Motorschutz-Bootsf\u00fchrer-Warnsystem:<\/strong><\/td>\n<td><\/td>\n<td>SmartCraft Motor-W\u00e4chter<\/td>\n<td><\/td>\n<td>SmartCraft Motor-W\u00e4chter<\/td>\n<td><\/td>\n<\/tr>\n<tr>\n<td><\/td>\n<td><strong>Kompatibel mit SmartCraft-Digital-Technologie:<\/strong><\/td>\n<td><\/td>\n<td>Ja<\/td>\n<td><\/td>\n<td>Ja<\/td>\n<td><\/td>\n<\/tr>\n<tr>\n<td><\/td>\n<td><strong>Anlassen:<\/strong><\/td>\n<td><\/td>\n<td>Smarte Z\u00fcndelektronik<\/td>\n<td><\/td>\n<td>Smarte Z\u00fcndelektronik<\/td>\n<td><\/td>\n<\/tr>\n<tr>\n<td><\/td>\n<td><strong>Steuerungen:<\/strong><\/td>\n<td><\/td>\n<td>Gas und Kupplung mechanisch<\/td>\n<td><\/td>\n<td>Gas und Kupplung mechanisch<\/td>\n<td><\/td>\n<\/tr>\n<tr>\n<td><\/td>\n<td><strong>Lenkung:<\/strong><\/td>\n<td><\/td>\n<td>Hydraulische Power-Lenkung, Kompatibel mit gro\u00dfen Pinnen, Mechanisches Doppel-Seil<\/td>\n<td><\/td>\n<td>Hydraulische Power-Lenkung, Kompatibel mit gro\u00dfen Pinnen, Mechanisches Doppel-Seil<\/td>\n<td><\/td>\n<\/tr>\n<tr>\n<td><\/td>\n<td><strong>Schaftl\u00e4nge (mm):<\/strong><\/td>\n<td><\/td>\n<td>508 und\u00a0635<\/td>\n<td><\/td>\n<td>508 und\u00a0635<\/td>\n<td><\/td>\n<\/tr>\n<tr>\n<td><\/td>\n<td><strong>Getriebegeh\u00e4use-Kennzahl:<\/strong><\/td>\n<td><\/td>\n<td>2.07:1<\/td>\n<td><\/td>\n<td>2.38:1<\/td>\n<td><\/td>\n<\/tr>\n<tr>\n<td><\/td>\n<td><strong>Trockengewicht (kg):<\/strong><\/td>\n<td><\/td>\n<td>163<\/td>\n<td><\/td>\n<td>165<\/td>\n<td><\/td>\n<\/tr>\n<tr>\n<td><\/td>\n<td><strong>Bohrung und Takt (mm):<\/strong><\/td>\n<td><\/td>\n<td>90&#215;81<\/td>\n<td><\/td>\n<td>90&#215;81<\/td>\n<td><\/td>\n<\/tr>\n<tr>\n<td><\/td>\n<td><strong>Z\u00fcndung:<\/strong><\/td>\n<td><\/td>\n<td>Steuerger\u00e4t ECM Digital<\/td>\n<td><\/td>\n<td>Steuerger\u00e4t ECM<\/td>\n<td><\/td>\n<\/tr>\n<tr>\n<td><\/td>\n<td><strong>Kraftstoffsystem:<\/strong><\/td>\n<td><\/td>\n<td>Elektronische Kraftstoffeinspritzung (EFI)<\/td>\n<td><\/td>\n<td>Elektronische Kraftstoffeinspritzung (EFI)<\/td>\n<td><\/td>\n<\/tr>\n<tr>\n<td><\/td>\n<td><strong>K\u00fchlsystem:<\/strong><\/td>\n<td><\/td>\n<td>Wassergek\u00fchlt mit Thermostat<\/td>\n<td><\/td>\n<td>Wassergek\u00fchlt mit Thermostat<\/td>\n<td><\/td>\n<\/tr>\n<tr>\n<td><\/td>\n<td><strong>Gangschaltung:<\/strong><\/td>\n<td><\/td>\n<td>F\u2011N-R<\/td>\n<td><\/td>\n<td>F\u2011N-R<\/td>\n<td><\/td>\n<\/tr>\n<tr>\n<td><\/td>\n<td><strong>Optionen Getriebegeh\u00e4use:<\/strong><\/td>\n<td><\/td>\n<td>Standard<\/td>\n<td><\/td>\n<td><span class=\"mytool\"><abbr>Command Thrust<\/abbr><\/span><\/td>\n<td><\/td>\n<\/tr>\n<tr>\n<td><\/td>\n<td><strong>Trimmsystem:<\/strong><\/td>\n<td><\/td>\n<td>Kippbereich, Power-Trimm<\/td>\n<td><\/td>\n<td>Kippbereich, Power-Trimm<\/td>\n<td><\/td>\n<\/tr>\n<tr>\n<td><\/td>\n<td><strong>Abgassystem:<\/strong><\/td>\n<td><\/td>\n<td>Per Propeller<\/td>\n<td><\/td>\n<td>Per Propeller<\/td>\n<td><\/td>\n<\/tr>\n<tr>\n<td><\/td>\n<td><strong>Trimmbereich f\u00fcr Flachwasser (\u00b0Grad):<\/strong><\/td>\n<td><\/td>\n<td>20<\/td>\n<td><\/td>\n<td>20<\/td>\n<td><\/td>\n<\/tr>\n<tr>\n<td><\/td>\n<td><strong>Maximaler Trimmbereich:<\/strong><\/td>\n<td><\/td>\n<td>22\u00b0 (-6\u00b0 bis\u00a016\u00b0)<\/td>\n<td><\/td>\n<td>22\u00b0 (-6\u00b0 bis\u00a016\u00b0)<\/td>\n<td><\/td>\n<\/tr>\n<tr>\n<td><\/td>\n<td><strong>Maximaler Neigungswinkel:<\/strong><\/td>\n<td><\/td>\n<td>70 \u00b0 (-6\u00b0 bis\u00a064\u00b0)<\/td>\n<td><\/td>\n<td>70 \u00b0 (-6\u00b0 bis\u00a064\u00b0)<\/td>\n<td><\/td>\n<\/tr>\n<tr>\n<td><\/td>\n<td><strong>Farbe:<\/strong><\/td>\n<td><\/td>\n<td>Phantom Black<\/td>\n<td><\/td>\n<td>Phantom Black<\/td>\n<td><\/td>\n<\/tr>\n<tr>\n<td><\/td>\n<td><strong>Schmiersystem:<\/strong><\/td>\n<td><\/td>\n<td>Nass-Sumpf<\/td>\n<td><\/td>\n<td>Nass-Sumpf<\/td>\n<td><\/td>\n<\/tr>\n<tr>\n<td><\/td>\n<td><strong>\u00d6lmenge (l):<\/strong><\/td>\n<td><\/td>\n<td>5,2<\/td>\n<td><\/td>\n<td>5,2<\/td>\n<\/tr>\n<\/tbody>\n<\/table>\n<\/div>\n<\/div>\n","protected":false},"excerpt":{"rendered":"<p>Gro\u00dfer Hubraum \/ Weniger Gewicht Diese Viertakt-Au\u00dfenbordmotoren haben einen Hubraum von 2,1 Litern, das bedeutet, sie arbeiten intelligenter \u2013 mit weniger Stress \u2013 was zu verbesserter Zuverl\u00e4ssigkeit und l\u00e4ngerer Lebensdauer f\u00fchrt, ganz zu schweigen von gr\u00f6\u00dferer Startbeschleunigung, hervorragender Gesamtbeschleunigung und atemberaubenden Spitzengeschwindigkeiten. Ruhig und\u00a0leise Schall und Vibrationen werden durch die abgedichtete, thermisch verbundene Motorhaube, dem&hellip;&nbsp;<a href=\"http:\/\/www.warnow-werkstatt.de\/shop\/produkt\/mercury-f100-elpt-ct\/\" class=\"\" rel=\"bookmark\">Weiterlesen &raquo;<span class=\"screen-reader-text\">Mercury F100 ELPT CT<\/span><\/a><\/p>\n","protected":false},"featured_media":136,"template":"","meta":{"neve_meta_sidebar":"","neve_meta_container":"","neve_meta_enable_content_width":"off","neve_meta_content_width":100,"neve_meta_title_alignment":"","neve_meta_author_avatar":"","neve_post_elements_order":"","neve_meta_disable_header":"","neve_meta_disable_footer":"","neve_meta_disable_title":""},"product_brand":[],"product_cat":[34],"product_tag":[],"class_list":{"0":"post-135","1":"product","2":"type-product","3":"status-publish","4":"has-post-thumbnail","6":"product_cat-mercury-motoren","8":"first","9":"instock","10":"sale","11":"taxable","12":"shipping-taxable","13":"purchasable","14":"product-type-simple"},"_links":{"self":[{"href":"http:\/\/www.warnow-werkstatt.de\/shop\/wp-json\/wp\/v2\/product\/135","targetHints":{"allow":["GET"]}}],"collection":[{"href":"http:\/\/www.warnow-werkstatt.de\/shop\/wp-json\/wp\/v2\/product"}],"about":[{"href":"http:\/\/www.warnow-werkstatt.de\/shop\/wp-json\/wp\/v2\/types\/product"}],"wp:featuredmedia":[{"embeddable":true,"href":"http:\/\/www.warnow-werkstatt.de\/shop\/wp-json\/wp\/v2\/media\/136"}],"wp:attachment":[{"href":"http:\/\/www.warnow-werkstatt.de\/shop\/wp-json\/wp\/v2\/media?parent=135"}],"wp:term":[{"taxonomy":"product_brand","embeddable":true,"href":"http:\/\/www.warnow-werkstatt.de\/shop\/wp-json\/wp\/v2\/product_brand?post=135"},{"taxonomy":"product_cat","embeddable":true,"href":"http:\/\/www.warnow-werkstatt.de\/shop\/wp-json\/wp\/v2\/product_cat?post=135"},{"taxonomy":"product_tag","embeddable":true,"href":"http:\/\/www.warnow-werkstatt.de\/shop\/wp-json\/wp\/v2\/product_tag?post=135"}],"curies":[{"name":"wp","href":"https:\/\/api.w.org\/{rel}","templated":true}]}}