{"id":133,"date":"2023-03-20T16:53:36","date_gmt":"2023-03-20T15:53:36","guid":{"rendered":"http:\/\/www.warnow-werkstatt.de\/shop\/?post_type=product&#038;p=133"},"modified":"2023-11-22T13:50:41","modified_gmt":"2023-11-22T12:50:41","slug":"mercury-f60-elpt","status":"publish","type":"product","link":"http:\/\/www.warnow-werkstatt.de\/shop\/produkt\/mercury-f60-elpt\/","title":{"rendered":"Mercury F60 ELPT"},"content":{"rendered":"<p>Propeller: BlackMax Aluminium<br \/>\nFernschaltung: Seitenmontage \/ Seitenmontage mit Trimm<br \/>\nInstrumente: Monitor SC1000<\/p>\n<p><strong>Die Schaltz\u00fcge des Motors sind separat zu erwerben, nach der jeweiligen L\u00e4nge!<\/strong><\/p>\n<p>Es besteht die M\u00f6glichkeit, Fernschaltungen, Instrumente und Propeller gegen Aufpreis individuell dem jeweiligen Bootstyp anzupassen.<\/p>\n<p><strong>SmartCraft \u2013 Digitales Wissen<\/strong><\/p>\n<p>Die neuen Mercury F60 EFI-Motoren bieten erweiterte SmartCraft-F\u00e4higkeiten, ein umfassendes Boots- und Antriebs\u00fcberwachungssystem, das detaillierte Motorstatus- und Leistungsdaten aller Funktionen wie Trimmung, Geschwindigkeit, Drehzahl, Troll-Control, Kraftstofffluss und eine Unmenge weiterer Funktionen wie Kraftstoffstand\u00a0 und Batteriespannung bietet.<\/p>\n<ul>\n<li><strong>Smartcraft \u2013 Digitale Erweiterungen<\/strong>:\n<ul>\n<li>Die volle Smart-Craft-F\u00e4higkeit der F60-Motoren von Mercury bietet au\u00dferdem eine Erweiterungsm\u00f6glichkeit mit einem optionalen Diebstahlschutzsystem (TDS) oder dem fortschrittlichen Active Trim-System von Mercury.<\/li>\n<\/ul>\n<\/li>\n<li><strong>Diebstahlschutzsystem TDS:<\/strong>\n<ul>\n<li>Das System verbessert die Sicherheit Ihres Bootes und bietet Besitzer u.a. die M\u00f6glichkeit den Motor zu drosseln, falls jemand versucht diesen ohne Z\u00fcndschl\u00fcssel zu starten.<\/li>\n<\/ul>\n<\/li>\n<li><strong>Active Trim:<\/strong>\n<ul>\n<li>Active Trim ist das exklusive und patentierte GPS-basierte Trimmsteuerungssystem von Mercury. Active Trim steuert die Trimmung entsprechend\u00a0 der Geschwindigkeit des Bootes und der Drehzahl des Motors. 5 Profile f\u00fcr jede Bootsanwendung stehen zur Auswahl.<\/li>\n<\/ul>\n<\/li>\n<\/ul>\n<p><strong>Die Geschichte von Mercury steht f\u00fcr legend\u00e4re Innovationen. Seit 1939, als Carl Kiekhaefer, der Vater der Mercury Au\u00dfenbordmotoren, den ersten Au\u00dfenborder mit geschmiedeten Aluminiumkolben baute, hat Mercury die Standards in allen Aspekten von marinem Design und Innovationen gesetzt.<\/strong><\/p>\n<p>&nbsp;<\/p>\n<table class=\"table table-bordered\">\n<tbody>\n<tr>\n<td>kW\/PS:<\/td>\n<td>44,13 kW \/ 60 PS<\/td>\n<\/tr>\n<tr>\n<td>Zylinder:<\/td>\n<td>4, in Reihe<\/td>\n<\/tr>\n<tr>\n<td>Hubraum:<\/td>\n<td>995 cm\u00b3<\/td>\n<\/tr>\n<tr>\n<td>Technologie:<\/td>\n<td>4-Takt<\/td>\n<\/tr>\n<tr>\n<td>Volllastdrehzahl:<\/td>\n<td>5500-6000 U\/min<\/td>\n<\/tr>\n<tr>\n<td>Wechselstromgenerator:<\/td>\n<td>18 A \/ 226 Watt<\/td>\n<\/tr>\n<tr>\n<td>Gewicht:<\/td>\n<td>ca. 112 kg<\/td>\n<\/tr>\n<tr>\n<td>Steuerung:<\/td>\n<td>Fernschaltung<\/td>\n<\/tr>\n<tr>\n<td>Starter:<\/td>\n<td>E-Starter<\/td>\n<\/tr>\n<tr>\n<td>Trimmsystem:<\/td>\n<td>Elektrisch<\/td>\n<\/tr>\n<tr>\n<td>Schaft:<\/td>\n<td>Langschaft<\/td>\n<\/tr>\n<tr>\n<td>Spiegelh\u00f6he:<\/td>\n<td>508 mm (L)<\/td>\n<\/tr>\n<\/tbody>\n<\/table>\n","protected":false},"excerpt":{"rendered":"<p>Propeller: BlackMax Aluminium Fernschaltung: Seitenmontage \/ Seitenmontage mit Trimm Instrumente: Monitor SC1000 Die Schaltz\u00fcge des Motors sind separat zu erwerben, nach der jeweiligen L\u00e4nge! Es besteht die M\u00f6glichkeit, Fernschaltungen, Instrumente und Propeller gegen Aufpreis individuell dem jeweiligen Bootstyp anzupassen. SmartCraft \u2013 Digitales Wissen Die neuen Mercury F60 EFI-Motoren bieten erweiterte SmartCraft-F\u00e4higkeiten, ein umfassendes Boots- und&hellip;&nbsp;<a href=\"http:\/\/www.warnow-werkstatt.de\/shop\/produkt\/mercury-f60-elpt\/\" class=\"\" rel=\"bookmark\">Weiterlesen &raquo;<span class=\"screen-reader-text\">Mercury F60 ELPT<\/span><\/a><\/p>\n","protected":false},"featured_media":134,"template":"","meta":{"neve_meta_sidebar":"","neve_meta_container":"","neve_meta_enable_content_width":"off","neve_meta_content_width":100,"neve_meta_title_alignment":"","neve_meta_author_avatar":"","neve_post_elements_order":"","neve_meta_disable_header":"","neve_meta_disable_footer":"","neve_meta_disable_title":""},"product_brand":[],"product_cat":[34],"product_tag":[],"class_list":{"0":"post-133","1":"product","2":"type-product","3":"status-publish","4":"has-post-thumbnail","6":"product_cat-mercury-motoren","8":"first","9":"instock","10":"sale","11":"taxable","12":"shipping-taxable","13":"purchasable","14":"product-type-simple"},"_links":{"self":[{"href":"http:\/\/www.warnow-werkstatt.de\/shop\/wp-json\/wp\/v2\/product\/133","targetHints":{"allow":["GET"]}}],"collection":[{"href":"http:\/\/www.warnow-werkstatt.de\/shop\/wp-json\/wp\/v2\/product"}],"about":[{"href":"http:\/\/www.warnow-werkstatt.de\/shop\/wp-json\/wp\/v2\/types\/product"}],"wp:featuredmedia":[{"embeddable":true,"href":"http:\/\/www.warnow-werkstatt.de\/shop\/wp-json\/wp\/v2\/media\/134"}],"wp:attachment":[{"href":"http:\/\/www.warnow-werkstatt.de\/shop\/wp-json\/wp\/v2\/media?parent=133"}],"wp:term":[{"taxonomy":"product_brand","embeddable":true,"href":"http:\/\/www.warnow-werkstatt.de\/shop\/wp-json\/wp\/v2\/product_brand?post=133"},{"taxonomy":"product_cat","embeddable":true,"href":"http:\/\/www.warnow-werkstatt.de\/shop\/wp-json\/wp\/v2\/product_cat?post=133"},{"taxonomy":"product_tag","embeddable":true,"href":"http:\/\/www.warnow-werkstatt.de\/shop\/wp-json\/wp\/v2\/product_tag?post=133"}],"curies":[{"name":"wp","href":"https:\/\/api.w.org\/{rel}","templated":true}]}}