{"id":131,"date":"2023-03-20T16:52:09","date_gmt":"2023-03-20T15:52:09","guid":{"rendered":"http:\/\/www.warnow-werkstatt.de\/shop\/?post_type=product&#038;p=131"},"modified":"2023-11-22T13:51:07","modified_gmt":"2023-11-22T12:51:07","slug":"mercury-f50-elpt","status":"publish","type":"product","link":"http:\/\/www.warnow-werkstatt.de\/shop\/produkt\/mercury-f50-elpt\/","title":{"rendered":"Mercury F50 ELPT"},"content":{"rendered":"<p>Mercury Viertakter sind seit langem Spitzenreiter in der Kombination aus sauberer, leiser und kraftstoffeffizienter Leistung bei Au\u00dfenbordmotoren und sie bauen ihren Vorsprung sogar noch weiter aus. Wir haben innovative Ingenieursleistungen mit fortschrittlichen Funktioenen f\u00fcr die Betriebssicherheit kombiniert, so dass unsere Au\u00dfenbordmotoren sauber sind, leise laufen und sanft und reaktionsschnell funktionieren \u2013 dar\u00fcber hinaus konnten noch die Kosten f\u00fcr Treibstoff und Wartung reduziert werden.<\/p>\n<p>FourStroke 60 EFI: Aus den Augen aus dem Sinn, f\u00fcr mehr Gelassenheit Mercury Viertakter sind seit langem Spitzenreiter in der Kombination aus sauberer, leiser und kraftstoffeffizienter Leistung bei Au\u00dfenbordmotoren und sie bauen ihren Vorsprung sogar noch weiter aus. Mercury Motoren verf\u00fcgen \u00fcber ein neues Schaltsystem, durch das Schalten einfacher wird.<br \/>\nWir haben die Einstellungen der Gasgebung verfeinert, so dass bei niedrigen Geschwindigkeiten besser reguliert werden kann. Au\u00dferdem erscheinen alle 40-60 PS Viertakter jetzt im neuen Design, mit neuer Grafik, einem Einrastsystem f\u00fcr das Geh\u00e4use und vielem mehr!<\/p>\n<p>Die Motoren mit 40-60 PS sind sowohl mit Standard- als auch mit Command Thrust-Getriebeverkleidungen erh\u00e4ltlich. Die Mercury 40-60 PS Viertakter unterscheiden sich durch zahlreiche Funktionen, die Sie bei anderen Motoren nicht finden werden. Funktionen, durch die Sie das Bootfahren rundum angenehm erleben werden. Vereinfachtes starten. Ruhiges laufen. Die Mercury Motoren mit 40 &#8211; 60PS verf\u00fcgen \u00fcber elektronische Direkteinspritzungen, die Starten einfach durch Schl\u00fcsselumdrehen, verbesserte Leistung, erh\u00f6hte Kraftstoffeffizienz und au\u00dfergew\u00f6hnliche Zuverl\u00e4ssigkeit erm\u00f6glichen. Immer mit der Ruhe Bei 40-60 PS-Motoren mit SmartCraft, erm\u00f6glicht die TROLL CONTROL-Funktion es Ihnen f\u00fcr Schleppfischen oder das Bewegen in weiten Ruhezonen den rpm-Wert auf bis zu niedrige 700 festzulegen.<\/p>\n<p>Weniger Treibstoff bedeutet mehr Spass Die Modelle mit 40-60 PS verf\u00fcgen \u00fcber bis zu 40% h\u00f6here Kraftstoffeinsparung als Zweitakter-Modelle mit Vergaser und spart bis zu 20% mehr als Zweitaktmotoren mit Direkteinspritzung. Gelassenheit Die Funktion ENGINE GUARDIAN verf\u00fcgt \u00fcber mehr als 40 Sensoren, mit denen die Motorfunktionen \u00fcberwacht werden. Wenn das proaktive Warnsystem ein m\u00f6gliches Problem feststellt &#8211; wie etwa \u00dcberdrehen, \u00dcberhitzung oder niedriger \u00d6ldruck &#8211; schickt Engine Guardian ein Warnsignal und drosselt automatisch die Motorleistung, um Sch\u00e4den zu verhindern.<\/p>\n<div class=\"description\" data-parent-uid=\"305\">\n<strong><br \/>\nHinweis:<\/strong><br \/>\nMotore bis zu einer Leistung von 11 kW (15 PS) sind f\u00fchrerscheinfrei (Bodensee\u00a06 PS).<br \/>\nGilt nicht auf internationalen Gew\u00e4ssern. In einigen Bundesl\u00e4ndern und im Ausland sing ggf. abweichende regelungen zu beachten.<\/div>\n<div data-parent-uid=\"305\"><\/div>\n<div data-parent-uid=\"305\">\n<h3>Ma\u00dfe &amp; Gewicht<\/h3>\n<p>&nbsp;<\/p>\n<table>\n<tbody>\n<tr>\n<td class=\"align-left\">Schaftl\u00e4nge\u00a0(mm)<\/td>\n<td class=\"align-left\">L:\u00a0508<\/td>\n<\/tr>\n<tr>\n<td>Gewicht (kg)<\/td>\n<td>S:\u00a0112<\/td>\n<\/tr>\n<tr>\n<td><\/td>\n<td><\/td>\n<\/tr>\n<tr>\n<td><\/td>\n<td><\/td>\n<\/tr>\n<\/tbody>\n<\/table>\n<h3>\u00a0Technische Daten<\/h3>\n<p>&nbsp;<\/p>\n<table>\n<tbody>\n<tr>\n<td>Motortyp<\/td>\n<td>OHV<\/td>\n<\/tr>\n<tr>\n<td>Anzahl der Zylinder<\/td>\n<td>4<\/td>\n<\/tr>\n<tr>\n<td>Kraftstoffsystem<\/td>\n<td>Elektronische Kraftstoffeinspritzung (EFI)<\/td>\n<\/tr>\n<tr>\n<td>Hubraum (cm<sup>3<\/sup>)<\/td>\n<td>995<\/td>\n<\/tr>\n<tr>\n<td>Max. Leistung in kW (PS)<\/td>\n<td>37\u00a0 (60)<\/td>\n<\/tr>\n<tr>\n<td>Drehzahl bei Vollgas (min<sup>-1<\/sup>)<\/td>\n<td>5500 &#8211; 6200<\/td>\n<\/tr>\n<tr>\n<td>Steuerung<\/td>\n<td>Remote<\/td>\n<\/tr>\n<tr>\n<td>Choke<\/td>\n<td>Automatisch<\/td>\n<\/tr>\n<tr>\n<td>Kraftstoffkapazit\u00e4t (L)<\/td>\n<td>0<\/td>\n<\/tr>\n<tr>\n<td>Startsystem<\/td>\n<td>E-Starter<\/td>\n<\/tr>\n<tr>\n<td>Z\u00fcndsystem<\/td>\n<td>CDI<\/td>\n<\/tr>\n<tr>\n<td>Wechselstromgenerator<\/td>\n<td>226 W<\/td>\n<\/tr>\n<tr>\n<td>Trimm<\/td>\n<td>Powertrimm<\/td>\n<\/tr>\n<tr>\n<td>Getriebeuntersetzung<\/td>\n<td>1,83:1<\/td>\n<\/tr>\n<tr>\n<td>Schaltung<\/td>\n<td>V-N-R<\/td>\n<\/tr>\n<tr>\n<td>Auspuff<\/td>\n<td>Unterwasserauspuff<\/td>\n<\/tr>\n<tr>\n<td>K\u00fchlsystem<\/td>\n<td>Wassergek\u00fchlt mit Thermostat<\/td>\n<\/tr>\n<\/tbody>\n<\/table>\n<\/div>\n","protected":false},"excerpt":{"rendered":"<p>Mercury Viertakter sind seit langem Spitzenreiter in der Kombination aus sauberer, leiser und kraftstoffeffizienter Leistung bei Au\u00dfenbordmotoren und sie bauen ihren Vorsprung sogar noch weiter aus. Wir haben innovative Ingenieursleistungen mit fortschrittlichen Funktioenen f\u00fcr die Betriebssicherheit kombiniert, so dass unsere Au\u00dfenbordmotoren sauber sind, leise laufen und sanft und reaktionsschnell funktionieren \u2013 dar\u00fcber hinaus konnten noch&hellip;&nbsp;<a href=\"http:\/\/www.warnow-werkstatt.de\/shop\/produkt\/mercury-f50-elpt\/\" class=\"\" rel=\"bookmark\">Weiterlesen &raquo;<span class=\"screen-reader-text\">Mercury F50 ELPT<\/span><\/a><\/p>\n","protected":false},"featured_media":132,"template":"","meta":{"neve_meta_sidebar":"","neve_meta_container":"","neve_meta_enable_content_width":"off","neve_meta_content_width":100,"neve_meta_title_alignment":"","neve_meta_author_avatar":"","neve_post_elements_order":"","neve_meta_disable_header":"","neve_meta_disable_footer":"","neve_meta_disable_title":""},"product_brand":[],"product_cat":[34],"product_tag":[],"class_list":{"0":"post-131","1":"product","2":"type-product","3":"status-publish","4":"has-post-thumbnail","6":"product_cat-mercury-motoren","8":"first","9":"instock","10":"sale","11":"taxable","12":"shipping-taxable","13":"purchasable","14":"product-type-simple"},"_links":{"self":[{"href":"http:\/\/www.warnow-werkstatt.de\/shop\/wp-json\/wp\/v2\/product\/131","targetHints":{"allow":["GET"]}}],"collection":[{"href":"http:\/\/www.warnow-werkstatt.de\/shop\/wp-json\/wp\/v2\/product"}],"about":[{"href":"http:\/\/www.warnow-werkstatt.de\/shop\/wp-json\/wp\/v2\/types\/product"}],"wp:featuredmedia":[{"embeddable":true,"href":"http:\/\/www.warnow-werkstatt.de\/shop\/wp-json\/wp\/v2\/media\/132"}],"wp:attachment":[{"href":"http:\/\/www.warnow-werkstatt.de\/shop\/wp-json\/wp\/v2\/media?parent=131"}],"wp:term":[{"taxonomy":"product_brand","embeddable":true,"href":"http:\/\/www.warnow-werkstatt.de\/shop\/wp-json\/wp\/v2\/product_brand?post=131"},{"taxonomy":"product_cat","embeddable":true,"href":"http:\/\/www.warnow-werkstatt.de\/shop\/wp-json\/wp\/v2\/product_cat?post=131"},{"taxonomy":"product_tag","embeddable":true,"href":"http:\/\/www.warnow-werkstatt.de\/shop\/wp-json\/wp\/v2\/product_tag?post=131"}],"curies":[{"name":"wp","href":"https:\/\/api.w.org\/{rel}","templated":true}]}}