{"id":129,"date":"2023-03-20T16:50:11","date_gmt":"2023-03-20T15:50:11","guid":{"rendered":"http:\/\/www.warnow-werkstatt.de\/shop\/?post_type=product&#038;p=129"},"modified":"2023-11-22T13:51:37","modified_gmt":"2023-11-22T12:51:37","slug":"mercury-f30-elpt","status":"publish","type":"product","link":"http:\/\/www.warnow-werkstatt.de\/shop\/produkt\/mercury-f30-elpt\/","title":{"rendered":"Mercury F30 ELPT"},"content":{"rendered":"<ul>\n<li>4-Takt (F)<\/li>\n<li>22,1 kW \/ 30 PS<\/li>\n<li>Elektrostart (E)<\/li>\n<li>Langschaft (L)<\/li>\n<li>Elektrohydraulische PowerTrim Anlage (PT)<\/li>\n<li>Elektronische Kraftstoffeinspritzung (EFI)<\/li>\n<\/ul>\n<p>Erlebe die gr\u00f6\u00dften Abenteuer mit Mercury 25 und 30 PS FourStroke-Au\u00dfenbordmotoren. Schnell und kompakt. Zuverl\u00e4ssig und langlebig. Effizient und benutzerfreundlich. FourStroke-Au\u00dfenbordmotoren geben kleinen Schiffen gro\u00dfe\u00a0F\u00e4higkeiten.<\/p>\n<p>Au\u00dfergew\u00f6hnlich ruhig und leise:<br \/>\nWir haben den Motorblock so gestaltet, dass er leiser ist. Und wir haben weiche Gummihalterungen entwickelt, die Vibration isolieren und ableiten. Ganz gleich, ob Sie in einer ruhigen Bucht angeln oder ein Gespr\u00e4ch f\u00fchren, Sie werden jede Minute auf dem Wasser\u00a0genie\u00dfen.<\/p>\n<p>Wartungsfreundlich:<br \/>\nVerbringen Sie mit unserem versch\u00fcttungsfreien \u00d6lwechselsystem, einfach auszuwechselnden Getriebeschmiermittel und lebenslang wartungsfreien Ventiltrieb weniger Zeit mit Service und mehr Zeit auf dem\u00a0Wasser.<\/p>\n<p>Elektronische Kraftstoffeinspritzung:<br \/>\nElektronische Kraftstoffeinspritzung (EFI) bietet todsichere Starts bei jedem Wetter. Bei von Hand zu startenden Motoren liefert das batterielose EFI effiziente, zuverl\u00e4ssige Leistung ohne klobige\u00a0Startbatterie.<\/p>\n<p>Fortschrittliche Mercury-Pinne:<br \/>\nDie Mercury-Pinne passt sich an Sie an, nicht umgekehrt. Sie k\u00f6nnen den Griff f\u00fcr das Gasgeben mit der linken oder rechten Hand umkehren und den Pinnenwinkel f\u00fcr bessere Hebelwirkung und Kontrolle seitlich\u00a0anpassen.<\/p>\n<p>Verf\u00fcgbarer Kippbereich und Trimmung:<br \/>\nEinfach zu verstauen, einfach zu kontrollieren. Mit Kippbereich und Trimmung, die f\u00fcr 25 und 30 PS FourStroke-Au\u00dfenbordmotoren verf\u00fcgbar sind, k\u00f6nnen Sie die Fahrweise durch Dr\u00fccken eines CTA anpassen. Ein wichtiger Vorteil f\u00fcr kleine Boote und schwere\u00a0Lasten.<\/p>\n<p>Leistung (kW \/ PS): 22,1 \/ 30<br \/>\nVollastdrehzahl (min-1): 5800 &#8211; 6200<br \/>\nZylinder: 3 (in Reihe)<br \/>\nHubraum (cm\u00b3): 500<br \/>\nStartersystem: Elektrostarter<br \/>\nLenkung: Fernbedienung<br \/>\nTrimmpositionen: PowerTrim per Fernbedienung<br \/>\nKraftstofftank (l): 25<br \/>\n<strong>Trockengewicht (kg): ab 66<\/strong><br \/>\nEmpfohlene Spiegelh\u00f6he (mm): 508 Langschaft<br \/>\nSonstiges: 3-Blatt Aluminium-Propeller, Tankschlauch, Sicherheitsstoppschalter, Lichspule, elektronisch geregelte Kraftstoffeinspritzung,<br \/>\nFernschaltbox, Power-Trimm per Fernbedienung, Bodensee Zulassung<br \/>\n<strong>SmartCraft: optionales VesselView Mobile<\/strong> (nicht im Lieferumfang enthalten)<\/p>\n","protected":false},"excerpt":{"rendered":"<p>4-Takt (F) 22,1 kW \/ 30 PS Elektrostart (E) Langschaft (L) Elektrohydraulische PowerTrim Anlage (PT) Elektronische Kraftstoffeinspritzung (EFI) Erlebe die gr\u00f6\u00dften Abenteuer mit Mercury 25 und 30 PS FourStroke-Au\u00dfenbordmotoren. Schnell und kompakt. Zuverl\u00e4ssig und langlebig. Effizient und benutzerfreundlich. FourStroke-Au\u00dfenbordmotoren geben kleinen Schiffen gro\u00dfe\u00a0F\u00e4higkeiten. Au\u00dfergew\u00f6hnlich ruhig und leise: Wir haben den Motorblock so gestaltet, dass er&hellip;&nbsp;<a href=\"http:\/\/www.warnow-werkstatt.de\/shop\/produkt\/mercury-f30-elpt\/\" class=\"\" rel=\"bookmark\">Weiterlesen &raquo;<span class=\"screen-reader-text\">Mercury F30 ELPT<\/span><\/a><\/p>\n","protected":false},"featured_media":130,"template":"","meta":{"neve_meta_sidebar":"","neve_meta_container":"","neve_meta_enable_content_width":"off","neve_meta_content_width":100,"neve_meta_title_alignment":"","neve_meta_author_avatar":"","neve_post_elements_order":"","neve_meta_disable_header":"","neve_meta_disable_footer":"","neve_meta_disable_title":""},"product_brand":[],"product_cat":[34],"product_tag":[],"class_list":{"0":"post-129","1":"product","2":"type-product","3":"status-publish","4":"has-post-thumbnail","6":"product_cat-mercury-motoren","8":"first","9":"instock","10":"sale","11":"taxable","12":"shipping-taxable","13":"purchasable","14":"product-type-simple"},"_links":{"self":[{"href":"http:\/\/www.warnow-werkstatt.de\/shop\/wp-json\/wp\/v2\/product\/129","targetHints":{"allow":["GET"]}}],"collection":[{"href":"http:\/\/www.warnow-werkstatt.de\/shop\/wp-json\/wp\/v2\/product"}],"about":[{"href":"http:\/\/www.warnow-werkstatt.de\/shop\/wp-json\/wp\/v2\/types\/product"}],"wp:featuredmedia":[{"embeddable":true,"href":"http:\/\/www.warnow-werkstatt.de\/shop\/wp-json\/wp\/v2\/media\/130"}],"wp:attachment":[{"href":"http:\/\/www.warnow-werkstatt.de\/shop\/wp-json\/wp\/v2\/media?parent=129"}],"wp:term":[{"taxonomy":"product_brand","embeddable":true,"href":"http:\/\/www.warnow-werkstatt.de\/shop\/wp-json\/wp\/v2\/product_brand?post=129"},{"taxonomy":"product_cat","embeddable":true,"href":"http:\/\/www.warnow-werkstatt.de\/shop\/wp-json\/wp\/v2\/product_cat?post=129"},{"taxonomy":"product_tag","embeddable":true,"href":"http:\/\/www.warnow-werkstatt.de\/shop\/wp-json\/wp\/v2\/product_tag?post=129"}],"curies":[{"name":"wp","href":"https:\/\/api.w.org\/{rel}","templated":true}]}}