{"id":126,"date":"2023-03-20T16:48:38","date_gmt":"2023-03-20T15:48:38","guid":{"rendered":"http:\/\/www.warnow-werkstatt.de\/shop\/?post_type=product&#038;p=126"},"modified":"2023-11-22T13:52:17","modified_gmt":"2023-11-22T12:52:17","slug":"mercury-f15-elpt","status":"publish","type":"product","link":"http:\/\/www.warnow-werkstatt.de\/shop\/produkt\/mercury-f15-elpt\/","title":{"rendered":"Mercury F15 ELPT"},"content":{"rendered":"<div class=\"tab-panel\" tabindex=\"0\" data-tab=\"beschreibung\">\n<p>Der F15 EFI ELPT von Mercury ist ein 15 PS starker Langschaft-Au\u00dfenborder. Er hat viele komfortable Funktionen. Ausgestattet mit einer Steuerung per Fernschaltung. Der revolution\u00e4re Alles-In-Einem-Griff bietet einen Einhand-Betrieb zum Schalten, Abstellen, Gasgeben, Aufkippen und Lenken. Ein integrierter E-Starter und ein automatisches Dekompressionssytem erm\u00f6glichen zudem ein einfaches Starten, welches den Zylinderdruck w\u00e4hrend des Startvorgangs absenken. Dadurch ben\u00f6tigt der Motor beim Starten deutlich weniger Kraft. Dank einer leistungsf\u00e4higen Lichtmaschine bleibt die Batterie stets geladen und somit auch die Elektronik in Betrieb.<\/p>\n<p>Besonders effektiv und erw\u00e4hnenswert sind bei diesem Au\u00dfenborder-Modell auch die elektronische Kraftstoffeinspritzung und ein Powertrimm. Die Gewichtsangabe kann je nach Ausstattung variieren und bezieht sich auf eine ungef\u00e4hre Angabe.<\/p>\n<ul>\n<li><strong>Marke:<\/strong> Mercury<\/li>\n<li><strong>Leistung (kW\/PS):<\/strong> 11 kW\/ 15 PS<\/li>\n<li><strong>Hubraum:<\/strong> 351 cm\u00b3<\/li>\n<li><strong>Zylinder:<\/strong> 2<\/li>\n<li><strong>Schaltung:<\/strong> V-N-R<\/li>\n<li><strong>Modell:<\/strong> Mercury F15 EFI ELPT<\/li>\n<li><strong>Motor-Ausstattung:<\/strong> Elektronische Kraftstoffeinspritzung, E-Starter, Fernschaltung, Powertrimm<\/li>\n<li><strong>Typ:<\/strong> F15 EFI ELPT<\/li>\n<li><strong>Gewicht:<\/strong> 45.0 kg<\/li>\n<li><strong>Schaft-L\u00e4nge:<\/strong> L<\/li>\n<li><strong>Tankinhalt:<\/strong> 12 l (externer Tank)<\/li>\n<li><strong>Gewicht:<\/strong> ab 45 kg<\/li>\n<\/ul>\n<\/div>\n","protected":false},"excerpt":{"rendered":"<p>Der F15 EFI ELPT von Mercury ist ein 15 PS starker Langschaft-Au\u00dfenborder. Er hat viele komfortable Funktionen. Ausgestattet mit einer Steuerung per Fernschaltung. Der revolution\u00e4re Alles-In-Einem-Griff bietet einen Einhand-Betrieb zum Schalten, Abstellen, Gasgeben, Aufkippen und Lenken. Ein integrierter E-Starter und ein automatisches Dekompressionssytem erm\u00f6glichen zudem ein einfaches Starten, welches den Zylinderdruck w\u00e4hrend des Startvorgangs absenken.&hellip;&nbsp;<a href=\"http:\/\/www.warnow-werkstatt.de\/shop\/produkt\/mercury-f15-elpt\/\" class=\"\" rel=\"bookmark\">Weiterlesen &raquo;<span class=\"screen-reader-text\">Mercury F15 ELPT<\/span><\/a><\/p>\n","protected":false},"featured_media":127,"template":"","meta":{"neve_meta_sidebar":"","neve_meta_container":"","neve_meta_enable_content_width":"off","neve_meta_content_width":100,"neve_meta_title_alignment":"","neve_meta_author_avatar":"","neve_post_elements_order":"","neve_meta_disable_header":"","neve_meta_disable_footer":"","neve_meta_disable_title":""},"product_brand":[],"product_cat":[34],"product_tag":[],"class_list":{"0":"post-126","1":"product","2":"type-product","3":"status-publish","4":"has-post-thumbnail","6":"product_cat-mercury-motoren","8":"first","9":"instock","10":"sale","11":"taxable","12":"shipping-taxable","13":"purchasable","14":"product-type-simple"},"_links":{"self":[{"href":"http:\/\/www.warnow-werkstatt.de\/shop\/wp-json\/wp\/v2\/product\/126","targetHints":{"allow":["GET"]}}],"collection":[{"href":"http:\/\/www.warnow-werkstatt.de\/shop\/wp-json\/wp\/v2\/product"}],"about":[{"href":"http:\/\/www.warnow-werkstatt.de\/shop\/wp-json\/wp\/v2\/types\/product"}],"wp:featuredmedia":[{"embeddable":true,"href":"http:\/\/www.warnow-werkstatt.de\/shop\/wp-json\/wp\/v2\/media\/127"}],"wp:attachment":[{"href":"http:\/\/www.warnow-werkstatt.de\/shop\/wp-json\/wp\/v2\/media?parent=126"}],"wp:term":[{"taxonomy":"product_brand","embeddable":true,"href":"http:\/\/www.warnow-werkstatt.de\/shop\/wp-json\/wp\/v2\/product_brand?post=126"},{"taxonomy":"product_cat","embeddable":true,"href":"http:\/\/www.warnow-werkstatt.de\/shop\/wp-json\/wp\/v2\/product_cat?post=126"},{"taxonomy":"product_tag","embeddable":true,"href":"http:\/\/www.warnow-werkstatt.de\/shop\/wp-json\/wp\/v2\/product_tag?post=126"}],"curies":[{"name":"wp","href":"https:\/\/api.w.org\/{rel}","templated":true}]}}