{"id":118,"date":"2023-03-20T16:29:22","date_gmt":"2023-03-20T15:29:22","guid":{"rendered":"http:\/\/www.warnow-werkstatt.de\/shop\/?post_type=product&#038;p=118"},"modified":"2023-11-22T13:55:35","modified_gmt":"2023-11-22T12:55:35","slug":"mercury-f15-el","status":"publish","type":"product","link":"http:\/\/www.warnow-werkstatt.de\/shop\/produkt\/mercury-f15-el\/","title":{"rendered":"Mercury F15 EL"},"content":{"rendered":"<ul>\n<li>4-Takt (F)<\/li>\n<li>11 kW \/ 15 PS<\/li>\n<li>Elektrostart (E)<\/li>\n<li>Langschaft (L)<\/li>\n<li>Elektronische Kraftstoffeinspritzung (EFI)<\/li>\n<li>Fernschaltung<\/li>\n<\/ul>\n<p>Erstaunliche Power in Ihren H\u00e4nden. Diese kompakten Mercury F15 Au\u00dfenbordmotoren bringen Sie zum Spa\u00df, zu den Fischen oder wohin Ihr Boot Sie auch tr\u00e4gt \u2013 schnell und zuverl\u00e4ssig. Genie\u00dfen Sie die beste Beschleunigung der Klasse und fahren Sie mit der besten Geschwindigkeit der Klasse. Einfach zu montieren und zu bedienen, zuverl\u00e4ssig beim Starten, geringe Vibrationen und direkte Gasannahme. So f\u00fchlt sich sorgenfreies Bootfahren in Bestform an.<\/p>\n<ul>\n<li>Zweizylinder: Laufruhe und mehr Leistung.<\/li>\n<li>Geringes Gewicht: Die leichtesten Motoren ihrer Klasse f\u00fcr Ihren Komfort.<\/li>\n<li>Handstartseil bei Elektrostartmodellen: Alle Modelle mit Elektrostarter werden zur Sicherheit serienm\u00e4\u00dfig auch mit Handstarter geliefert.<\/li>\n<li>Kaltstarthilfe: Die einzigartige Mercury Kaltstarthilfe sichert promptes Starten.<\/li>\n<li>\u00d6ldruck-Warnanzeigesystem: Sch\u00fctzt Ihren Motor und macht Sie sicher.<\/li>\n<li>5 Trimm Positionen und Flachwasserstellung: Benutzen Sie Ihren Motor \u00fcberall, sogar in seichten Gew\u00e4ssern.<\/li>\n<li>Propellernaben-Auspuff: F\u00fcr leisen, rauchfreien Betrieb.<\/li>\n<li>5 Jahre Garantie: 5 Jahre volle Werksgarantie bei Einhaltung der Werksvorgaben.<\/li>\n<\/ul>\n<p>Leistung (kW \/ PS): 11 \/ 15<br \/>\nVollastdrehzahl (min-1): 5700-6200<br \/>\nZylinder: 2 (in Reihe)<br \/>\nHubraum (cm\u00b3): 333<br \/>\nStartersystem: Elektrostarter, zus\u00e4tzl. original Handstartausr\u00fcstung<br \/>\nLenkung: keine Steuerpinne, stattdessen vorbereitung f\u00fcr Fernsteuerung, mit Einhebelschaltbox mit Z\u00fcndschloss, Quickstopp und elektr. Kabelstrang 4,5 mtr. Inkl. Umbau-Kit auf Fernsteuerung<br \/>\nTrimmpositionen: 5 + Flachwasserstellung<br \/>\nKraftstofftank (l): 12<br \/>\nGewicht (kg): 49<br \/>\nEmpfohlene Spiegelh\u00f6he (mm): 508 Langschaft<br \/>\nSonstiges: Aluminium-Propeller, Tankschlauch, Sicherheitsstoppschalter, Universalsteuerpinne, Lichspule,<br \/>\nBodensee Zulassung<\/p>\n","protected":false},"excerpt":{"rendered":"<p>4-Takt (F) 11 kW \/ 15 PS Elektrostart (E) Langschaft (L) Elektronische Kraftstoffeinspritzung (EFI) Fernschaltung Erstaunliche Power in Ihren H\u00e4nden. Diese kompakten Mercury F15 Au\u00dfenbordmotoren bringen Sie zum Spa\u00df, zu den Fischen oder wohin Ihr Boot Sie auch tr\u00e4gt \u2013 schnell und zuverl\u00e4ssig. Genie\u00dfen Sie die beste Beschleunigung der Klasse und fahren Sie mit der&hellip;&nbsp;<a href=\"http:\/\/www.warnow-werkstatt.de\/shop\/produkt\/mercury-f15-el\/\" class=\"\" rel=\"bookmark\">Weiterlesen &raquo;<span class=\"screen-reader-text\">Mercury F15 EL<\/span><\/a><\/p>\n","protected":false},"featured_media":119,"template":"","meta":{"neve_meta_sidebar":"","neve_meta_container":"","neve_meta_enable_content_width":"off","neve_meta_content_width":100,"neve_meta_title_alignment":"","neve_meta_author_avatar":"","neve_post_elements_order":"","neve_meta_disable_header":"","neve_meta_disable_footer":"","neve_meta_disable_title":""},"product_brand":[],"product_cat":[34],"product_tag":[],"class_list":{"0":"post-118","1":"product","2":"type-product","3":"status-publish","4":"has-post-thumbnail","6":"product_cat-mercury-motoren","8":"first","9":"instock","10":"sale","11":"taxable","12":"shipping-taxable","13":"purchasable","14":"product-type-simple"},"_links":{"self":[{"href":"http:\/\/www.warnow-werkstatt.de\/shop\/wp-json\/wp\/v2\/product\/118","targetHints":{"allow":["GET"]}}],"collection":[{"href":"http:\/\/www.warnow-werkstatt.de\/shop\/wp-json\/wp\/v2\/product"}],"about":[{"href":"http:\/\/www.warnow-werkstatt.de\/shop\/wp-json\/wp\/v2\/types\/product"}],"wp:featuredmedia":[{"embeddable":true,"href":"http:\/\/www.warnow-werkstatt.de\/shop\/wp-json\/wp\/v2\/media\/119"}],"wp:attachment":[{"href":"http:\/\/www.warnow-werkstatt.de\/shop\/wp-json\/wp\/v2\/media?parent=118"}],"wp:term":[{"taxonomy":"product_brand","embeddable":true,"href":"http:\/\/www.warnow-werkstatt.de\/shop\/wp-json\/wp\/v2\/product_brand?post=118"},{"taxonomy":"product_cat","embeddable":true,"href":"http:\/\/www.warnow-werkstatt.de\/shop\/wp-json\/wp\/v2\/product_cat?post=118"},{"taxonomy":"product_tag","embeddable":true,"href":"http:\/\/www.warnow-werkstatt.de\/shop\/wp-json\/wp\/v2\/product_tag?post=118"}],"curies":[{"name":"wp","href":"https:\/\/api.w.org\/{rel}","templated":true}]}}