{"id":109,"date":"2023-03-20T15:50:27","date_gmt":"2023-03-20T14:50:27","guid":{"rendered":"http:\/\/www.warnow-werkstatt.de\/shop\/?post_type=product&#038;p=109"},"modified":"2023-11-22T13:58:05","modified_gmt":"2023-11-22T12:58:05","slug":"mercury-f99-mh","status":"publish","type":"product","link":"http:\/\/www.warnow-werkstatt.de\/shop\/produkt\/mercury-f99-mh\/","title":{"rendered":"Mercury F9,9 MH"},"content":{"rendered":"<ul>\n<li>4-Takt (F)<\/li>\n<li>7,3 kW \/ 9,9 PS<\/li>\n<li>Handstart (M)<\/li>\n<li>Standard-Steuerpinne (H)<\/li>\n<\/ul>\n<p>Saubere, leise, kraftstoffeffiziente Viertakter-Leistung macht die Mercury F9,9 MH Motoren zur ersten Wahl. Das multifunktionale Design des Pinnengriffs erm\u00f6glicht Schalten, Anhalten, Gas geben, Kippen und Lenken mit einer Hand. Das standardm\u00e4\u00dfige R\u00fcckschlagventil, auch bei Modellen mit Elektrostart, garantiert verbesserte Sicherheit bei leerer Batterie. Easy Start und schnelles Warmlaufen im Leerlauf werden durch manuellen Choke und Einspritzpumpe erm\u00f6glicht. Nur 3-4 kg schwerer als vergleichbare Zweitakter und damit einer der leichtesten Viertaktmotoren seiner Klasse.<\/p>\n<ul>\n<li>Zweizylinder: Laufruhe und mehr Leistung.<\/li>\n<li>Geringes Gewicht: Die leichtesten Motoren ihrer Klasse f\u00fcr Ihren Komfort.<\/li>\n<li>Kaltstarthilfe: Die einzigartige Mercury Kaltstarthilfe sichert promptes Starten.<\/li>\n<li>\u00d6ldruck-Warnanzeigesystem: Sch\u00fctzt Ihren Motor und macht Sie sicher.<\/li>\n<li>Multifunktionale Steuerpinne: Volle Kontrolle mit einer Hand. Mit der Steuerpinne kontrollieren Sie Motorschaltung, Geschwindigkeit und Lenkung Ihres Boot<\/li>\n<li>180\u00b0 Steuerpinne: Mehr Fahrkomfort und platzsparenderes Verstauen durch die um 180\u00b0 verstellbare Pinne.<\/li>\n<li>6 Trimm Positionen mit Flachwasserstellung: Benutzen Sie Ihren Motor \u00fcberall, sogar in seichten Gew\u00e4ssern.<\/li>\n<li>Propellernaben-Auspuff: F\u00fcr leisen, rauchfreien Betrieb.<\/li>\n<li>5 Jahre Garantie: 5 Jahre volle Werksgarantie bei Einhaltung der Werksvorgaben.<\/li>\n<\/ul>\n<p>Leistung (kW \/ PS): 7,3 \/ 9,9<br \/>\nVollastdrehzahl (min-1): 5000-6000<br \/>\nZylinder: 2 (in Reihe)<br \/>\nHubraum (cm\u00b3): 209<br \/>\nStartersystem: Handstarter<br \/>\nLenkung: Universalpinne<br \/>\nTrimmpositionen: 6 Flachwasserstellung<br \/>\nKraftstofftank (l): 12<br \/>\nGewicht (kg): 38<br \/>\nEmpfohlene Spiegelh\u00f6he (mm): 381 Kurzschaft<br \/>\nSonstiges: Aluminium-Propeller, Tankschlauch, Sicherheitsstoppschalter, Drehgassteuerpinne mit integrierter Schaltung<\/p>\n","protected":false},"excerpt":{"rendered":"<p>4-Takt (F) 7,3 kW \/ 9,9 PS Handstart (M) Standard-Steuerpinne (H) Saubere, leise, kraftstoffeffiziente Viertakter-Leistung macht die Mercury F9,9 MH Motoren zur ersten Wahl. Das multifunktionale Design des Pinnengriffs erm\u00f6glicht Schalten, Anhalten, Gas geben, Kippen und Lenken mit einer Hand. Das standardm\u00e4\u00dfige R\u00fcckschlagventil, auch bei Modellen mit Elektrostart, garantiert verbesserte Sicherheit bei leerer Batterie. Easy&hellip;&nbsp;<a href=\"http:\/\/www.warnow-werkstatt.de\/shop\/produkt\/mercury-f99-mh\/\" class=\"\" rel=\"bookmark\">Weiterlesen &raquo;<span class=\"screen-reader-text\">Mercury F9,9 MH<\/span><\/a><\/p>\n","protected":false},"featured_media":110,"template":"","meta":{"neve_meta_sidebar":"","neve_meta_container":"","neve_meta_enable_content_width":"off","neve_meta_content_width":100,"neve_meta_title_alignment":"","neve_meta_author_avatar":"","neve_post_elements_order":"","neve_meta_disable_header":"","neve_meta_disable_footer":"","neve_meta_disable_title":""},"product_brand":[],"product_cat":[34],"product_tag":[],"class_list":{"0":"post-109","1":"product","2":"type-product","3":"status-publish","4":"has-post-thumbnail","6":"product_cat-mercury-motoren","8":"first","9":"instock","10":"sale","11":"taxable","12":"shipping-taxable","13":"purchasable","14":"product-type-simple"},"_links":{"self":[{"href":"http:\/\/www.warnow-werkstatt.de\/shop\/wp-json\/wp\/v2\/product\/109","targetHints":{"allow":["GET"]}}],"collection":[{"href":"http:\/\/www.warnow-werkstatt.de\/shop\/wp-json\/wp\/v2\/product"}],"about":[{"href":"http:\/\/www.warnow-werkstatt.de\/shop\/wp-json\/wp\/v2\/types\/product"}],"wp:featuredmedia":[{"embeddable":true,"href":"http:\/\/www.warnow-werkstatt.de\/shop\/wp-json\/wp\/v2\/media\/110"}],"wp:attachment":[{"href":"http:\/\/www.warnow-werkstatt.de\/shop\/wp-json\/wp\/v2\/media?parent=109"}],"wp:term":[{"taxonomy":"product_brand","embeddable":true,"href":"http:\/\/www.warnow-werkstatt.de\/shop\/wp-json\/wp\/v2\/product_brand?post=109"},{"taxonomy":"product_cat","embeddable":true,"href":"http:\/\/www.warnow-werkstatt.de\/shop\/wp-json\/wp\/v2\/product_cat?post=109"},{"taxonomy":"product_tag","embeddable":true,"href":"http:\/\/www.warnow-werkstatt.de\/shop\/wp-json\/wp\/v2\/product_tag?post=109"}],"curies":[{"name":"wp","href":"https:\/\/api.w.org\/{rel}","templated":true}]}}