{"id":107,"date":"2023-03-20T15:49:10","date_gmt":"2023-03-20T14:49:10","guid":{"rendered":"http:\/\/www.warnow-werkstatt.de\/shop\/?post_type=product&#038;p=107"},"modified":"2023-11-22T13:58:27","modified_gmt":"2023-11-22T12:58:27","slug":"mercury-f8-mh","status":"publish","type":"product","link":"http:\/\/www.warnow-werkstatt.de\/shop\/produkt\/mercury-f8-mh\/","title":{"rendered":"Mercury F8 MH"},"content":{"rendered":"<ul>\n<li>4-Takt (F)<\/li>\n<li>5,9 kW \/ 8 PS<\/li>\n<li>Handstart (M)<\/li>\n<li>Standard-Steuerpinne (H)<\/li>\n<\/ul>\n<p>Den Spa\u00df immer dabei haben, das geht besonders gut, mit Schlauchbooten oder kleinen Anglerbooten. Mercury hat in seinem Sortiment eine komplette Serie an tragbaren Viertakt-Au\u00dfenbordmotoren, die besonders leicht sind und bei denen aus zahlreichen Modellen gew\u00e4hlt werden kann. Transport und Gebrauch der gesamten Serie sind dank cleverer Funktionen ganz einfach. Saubere, leise, kraftstoffeffiziente Viertakter-Leistung macht diese Motoren zur ersten Wahl. Unser 2,42:1 \u00dcbersetzungsverh\u00e4ltnis und unsere Vierblattpropeller bieten maximalen Schub und erm\u00f6glichen langsame Geschwindigkeiten beim Trolling. Gelassenheit durch langlebige Verkleidungen und doppelten Wasserzulauf m\u00f6glich. F\u00fcr verschiedene Anwendungen mit zwei Wellenl\u00e4ngen erh\u00e4ltlich, 20 Inch (5,08 cm) und 25 Inch (6,35 cm). Die wassergek\u00fchlte Standard-Benzinpumpe garantiert durchg\u00e4ngige Kraftstoffversorgung &#8211; sogar bei hei\u00dfen Temperaturen, egal ob der Motor starker Belastung ausgesetzt ist und volle Leistung bringt oder \u00fcber l\u00e4ngere Phasen im Leerlauf zum Schleppfischen genutzt wird.<\/p>\n<ul>\n<li>Zweizylinder: Laufruhe und mehr Leistung.<\/li>\n<li>Geringes Gewicht: Die leichtesten Motoren ihrer Klasse f\u00fcr Ihren Komfort.<\/li>\n<li>Kaltstarthilfe: Die einzigartige Mercury Kaltstarthilfe sichert promptes Starten.<\/li>\n<li>\u00d6ldruck-Warnanzeigesystem: Sch\u00fctzt Ihren Motor und macht Sie sicher.<\/li>\n<li>Multifunktionale Steuerpinne: Volle Kontrolle mit einer Hand. Mit der Steuerpinne kontrollieren Sie Motorschaltung, Geschwindigkeit und Lenkung Ihres Boot<\/li>\n<li>180\u00b0 Steuerpinne: Mehr Fahrkomfort und platzsparenderes Verstauen durch die um 180\u00b0 verstellbare Pinne.<\/li>\n<li>5 Trimm Positionen und Flachwasserstellung: Benutzen Sie Ihren Motor \u00fcberall, sogar in seichten Gew\u00e4ssern.<\/li>\n<li>Propellernaben-Auspuff: F\u00fcr leisen, rauchfreien Betrieb.<\/li>\n<li>5 Jahre Garantie: 5 Jahre volle Werksgarantie bei Einhaltung der Werksvorgaben.<\/li>\n<\/ul>\n<p>Leistung (kW \/ PS): 5,9 \/ 8<br \/>\nVollastdrehzahl (min-1): 5000-6000<br \/>\nZylinder: 2 (in Reihe)<br \/>\nHubraum (cm\u00b3): 209<br \/>\nStartersystem: Handstarter<br \/>\nLenkung: Universalpinne<br \/>\nTrimmpositionen: 5 + Flachwasserstellung<br \/>\nKraftstofftank (l): 12<br \/>\nGewicht (kg): 38<br \/>\nEmpfohlene Spiegelh\u00f6he (mm): 381 Kurzschaft<br \/>\nSonstiges: Aluminium-Propeller, Tankschlauch, Sicherheitsstoppschalter, Drehgassteuerpinne mit integrierter Schaltung, leichtester seiner Klasse, Bodensee Zulassung<\/p>\n","protected":false},"excerpt":{"rendered":"<p>4-Takt (F) 5,9 kW \/ 8 PS Handstart (M) Standard-Steuerpinne (H) Den Spa\u00df immer dabei haben, das geht besonders gut, mit Schlauchbooten oder kleinen Anglerbooten. Mercury hat in seinem Sortiment eine komplette Serie an tragbaren Viertakt-Au\u00dfenbordmotoren, die besonders leicht sind und bei denen aus zahlreichen Modellen gew\u00e4hlt werden kann. Transport und Gebrauch der gesamten Serie&hellip;&nbsp;<a href=\"http:\/\/www.warnow-werkstatt.de\/shop\/produkt\/mercury-f8-mh\/\" class=\"\" rel=\"bookmark\">Weiterlesen &raquo;<span class=\"screen-reader-text\">Mercury F8 MH<\/span><\/a><\/p>\n","protected":false},"featured_media":108,"template":"","meta":{"neve_meta_sidebar":"","neve_meta_container":"","neve_meta_enable_content_width":"off","neve_meta_content_width":100,"neve_meta_title_alignment":"","neve_meta_author_avatar":"","neve_post_elements_order":"","neve_meta_disable_header":"","neve_meta_disable_footer":"","neve_meta_disable_title":""},"product_brand":[],"product_cat":[34],"product_tag":[],"class_list":{"0":"post-107","1":"product","2":"type-product","3":"status-publish","4":"has-post-thumbnail","6":"product_cat-mercury-motoren","8":"first","9":"instock","10":"sale","11":"taxable","12":"shipping-taxable","13":"purchasable","14":"product-type-simple"},"_links":{"self":[{"href":"http:\/\/www.warnow-werkstatt.de\/shop\/wp-json\/wp\/v2\/product\/107","targetHints":{"allow":["GET"]}}],"collection":[{"href":"http:\/\/www.warnow-werkstatt.de\/shop\/wp-json\/wp\/v2\/product"}],"about":[{"href":"http:\/\/www.warnow-werkstatt.de\/shop\/wp-json\/wp\/v2\/types\/product"}],"wp:featuredmedia":[{"embeddable":true,"href":"http:\/\/www.warnow-werkstatt.de\/shop\/wp-json\/wp\/v2\/media\/108"}],"wp:attachment":[{"href":"http:\/\/www.warnow-werkstatt.de\/shop\/wp-json\/wp\/v2\/media?parent=107"}],"wp:term":[{"taxonomy":"product_brand","embeddable":true,"href":"http:\/\/www.warnow-werkstatt.de\/shop\/wp-json\/wp\/v2\/product_brand?post=107"},{"taxonomy":"product_cat","embeddable":true,"href":"http:\/\/www.warnow-werkstatt.de\/shop\/wp-json\/wp\/v2\/product_cat?post=107"},{"taxonomy":"product_tag","embeddable":true,"href":"http:\/\/www.warnow-werkstatt.de\/shop\/wp-json\/wp\/v2\/product_tag?post=107"}],"curies":[{"name":"wp","href":"https:\/\/api.w.org\/{rel}","templated":true}]}}