{"id":105,"date":"2023-03-20T15:30:11","date_gmt":"2023-03-20T14:30:11","guid":{"rendered":"http:\/\/www.warnow-werkstatt.de\/shop\/?post_type=product&#038;p=105"},"modified":"2023-11-22T13:58:44","modified_gmt":"2023-11-22T12:58:44","slug":"mercury-f6-mh","status":"publish","type":"product","link":"http:\/\/www.warnow-werkstatt.de\/shop\/produkt\/mercury-f6-mh\/","title":{"rendered":"Mercury F6 MH"},"content":{"rendered":"<ul>\n<li>4-Takt (F)<\/li>\n<li>4,4 kW \/ 6 PS<\/li>\n<li>Handstart (M)<\/li>\n<li>Standard-Steuerpinne (H)<\/li>\n<\/ul>\n<p>Saubere, leise, kraftstoffeffiziente Viertakter-Leistung macht diese Motoren zur ersten Wahl. Ein standardm\u00e4\u00dfiges automatisches Zylindersystem zur Druckreduzierung verringert f\u00fcr leichtes Anfahren erfolgreich die Zugkraft beim Starten. Der Mercury F6 MH ist besonders gut zu transportieren und verf\u00fcgt \u00fcber einen integrierten Benzintank mit Schlie\u00dfventilen, so dass kein Treibstoff verloren geht. Eine vollst\u00e4ndige Vorw\u00e4rts-Leerlauf-R\u00fcckw\u00e4rts Frontschaltung ist Standard.<\/p>\n<ul>\n<li>Optional erh\u00e4ltlich: Lichtspule, Gleichrichter, Batterieladekit etc. Fragen Sie uns! info@marinawassersport.de<\/li>\n<li>Motor mit gro\u00dfem Hubraum: \u00dcberlegenes Fahrverhalten und bessere Kraftstoffeffizienz.<\/li>\n<li>Dekompressionssystem: Das automatische Dekompressionsystem sorgt f\u00fcr m\u00fcheloses Starten.<\/li>\n<li>CDI Z\u00fcndsystem: Wartungsfreies Z\u00fcndsystem sorgt f\u00fcr leichtes Starten.<\/li>\n<li>Optisches Warnsystem: Optisches Warnsystem bei niedrigem \u00d6ldruck f\u00fcr maximale Sicherheit.<\/li>\n<li>Drehgriffgas: Volle Kontrolle mit einer Hand.<\/li>\n<li>Trimm Positionen: 6, plus Flachwasserstellung f\u00fcr einfachen Zugang zu abgelegenen und seichten Gew\u00e4ssern.<\/li>\n<li>Propellernaben-Auspuff: F\u00fcr leisen, rauchfreien Betrieb.<\/li>\n<li>5 Jahre Garantie: 5 Jahre volle Werksgarantie bei Einhaltung der Werksvorgaben.<\/li>\n<\/ul>\n<p>Leistung (kW \/ PS): 4,4 \/ 6<br \/>\nVollastdrehzahl (min-1): 5000-6000<br \/>\nZylinder: 1<br \/>\nHubraum (cm\u00b3): 123<br \/>\nStartersystem: Handstarter<br \/>\nLenkung: Universalpinne<br \/>\nTrimmpositionen: 6 + Flachwasserstellung<br \/>\nKraftstofftank (l): 1 LITER\u00a0TANK integriert<br \/>\nGewicht (kg): 25<br \/>\nEmpfohlene Spiegelh\u00f6he (mm): 381 Kurzschaft<br \/>\nSonstiges: Kraftstoffanschluss f\u00fcr optionalen externen Tank, Aluminium-Propeller, Sicherheitsstoppschalter, Steuerpinne, leichtester seiner Klasse, Bodensee-Zulassung<\/p>\n","protected":false},"excerpt":{"rendered":"<p>4-Takt (F) 4,4 kW \/ 6 PS Handstart (M) Standard-Steuerpinne (H) Saubere, leise, kraftstoffeffiziente Viertakter-Leistung macht diese Motoren zur ersten Wahl. Ein standardm\u00e4\u00dfiges automatisches Zylindersystem zur Druckreduzierung verringert f\u00fcr leichtes Anfahren erfolgreich die Zugkraft beim Starten. Der Mercury F6 MH ist besonders gut zu transportieren und verf\u00fcgt \u00fcber einen integrierten Benzintank mit Schlie\u00dfventilen, so dass&hellip;&nbsp;<a href=\"http:\/\/www.warnow-werkstatt.de\/shop\/produkt\/mercury-f6-mh\/\" class=\"\" rel=\"bookmark\">Weiterlesen &raquo;<span class=\"screen-reader-text\">Mercury F6 MH<\/span><\/a><\/p>\n","protected":false},"featured_media":106,"template":"","meta":{"neve_meta_sidebar":"","neve_meta_container":"","neve_meta_enable_content_width":"off","neve_meta_content_width":100,"neve_meta_title_alignment":"","neve_meta_author_avatar":"","neve_post_elements_order":"","neve_meta_disable_header":"","neve_meta_disable_footer":"","neve_meta_disable_title":""},"product_brand":[],"product_cat":[34],"product_tag":[],"class_list":{"0":"post-105","1":"product","2":"type-product","3":"status-publish","4":"has-post-thumbnail","6":"product_cat-mercury-motoren","8":"first","9":"instock","10":"sale","11":"taxable","12":"shipping-taxable","13":"purchasable","14":"product-type-simple"},"_links":{"self":[{"href":"http:\/\/www.warnow-werkstatt.de\/shop\/wp-json\/wp\/v2\/product\/105","targetHints":{"allow":["GET"]}}],"collection":[{"href":"http:\/\/www.warnow-werkstatt.de\/shop\/wp-json\/wp\/v2\/product"}],"about":[{"href":"http:\/\/www.warnow-werkstatt.de\/shop\/wp-json\/wp\/v2\/types\/product"}],"wp:featuredmedia":[{"embeddable":true,"href":"http:\/\/www.warnow-werkstatt.de\/shop\/wp-json\/wp\/v2\/media\/106"}],"wp:attachment":[{"href":"http:\/\/www.warnow-werkstatt.de\/shop\/wp-json\/wp\/v2\/media?parent=105"}],"wp:term":[{"taxonomy":"product_brand","embeddable":true,"href":"http:\/\/www.warnow-werkstatt.de\/shop\/wp-json\/wp\/v2\/product_brand?post=105"},{"taxonomy":"product_cat","embeddable":true,"href":"http:\/\/www.warnow-werkstatt.de\/shop\/wp-json\/wp\/v2\/product_cat?post=105"},{"taxonomy":"product_tag","embeddable":true,"href":"http:\/\/www.warnow-werkstatt.de\/shop\/wp-json\/wp\/v2\/product_tag?post=105"}],"curies":[{"name":"wp","href":"https:\/\/api.w.org\/{rel}","templated":true}]}}